{"id":3934,"date":"2020-01-15T15:18:54","date_gmt":"2020-01-15T08:18:54","guid":{"rendered":"http:\/\/yourtech.vn\/san-pham\/may-dong-goi-tu-dong-v5-300ae\/"},"modified":"2020-01-21T08:43:22","modified_gmt":"2020-01-21T01:43:22","slug":"non-foaming-explosion-proof-drum-liquid-filling-machine-v5-300ae","status":"publish","type":"product","link":"https:\/\/yourtech.vn\/en\/san-pham\/non-foaming-explosion-proof-drum-liquid-filling-machine-v5-300ae\/","title":{"rendered":"Non-Foaming Explosion-Proof Drum Liquid Filling machine V5 300AE"},"content":{"rendered":"<h2 style=\"text-align: justify;\"><span style=\"font-size: 20px; font-family: 'times new roman', times, serif; color: #ff0000;\">Typical Application<\/span><\/h2>\n<p style=\"text-align: justify;\"><span style=\"font-size: 20px; font-family: 'times new roman', times, serif;\">Liquid Filling Machine is mainly used in industries such as coating, printing ink, paint, asphalt, glue, lubricant, petrochemical, fineness chemical etc. It is suitable for filling liquid, ointment products.<\/span><br \/>\n<span style=\"font-size: 20px; font-family: 'times new roman', times, serif;\">V5-300AE Above-surface Explosion-proof Liquid filling machine, filling on surface of drum, apply a variety of non-foaming liquid filling. Unique design of filling device is easy to operate, filling fast, accurately. When in operation, the operator just simply align the bunghole just below the filling valve, pressing [start] button on handle, the machine will automatically tare out and start precision two speed filling. The filling end and filling valve automatically gets outside of drum, drip collecting at bottom of nozzle. Drum is removed and capped.<\/span><\/p>\n<p><img loading=\"lazy\" decoding=\"async\" class=\"size-full wp-image-3868 aligncenter\" src=\"http:\/\/yourtech.vn\/wp-content\/uploads\/2020\/01\/may-dong-goi-V5-300AE.jpg\" alt=\"M\u00e1y \u0111\u00f3ng g\u00f3i b\u00e1n t\u1ef1 \u0111\u1ed9ng cho s\u01a1n d\u1ea7u v\u00e0 s\u01a1n n\u01b0\u1edbc\" width=\"486\" height=\"416\" \/><\/p>\n<h2 style=\"text-align: justify;\"><span style=\"font-size: 24px; font-family: 'times new roman', times, serif; color: #ff0000;\">Features and functions:<\/span><\/h2>\n<p style=\"text-align: justify;\"><span style=\"font-size: 20px; font-family: 'times new roman', times, serif;\">\u25a0Entire system using explosion-proof standard manufacturing, Explosion-proof grade: EXdiaIIBT4<\/span><br \/>\n<span style=\"font-size: 20px; font-family: 'times new roman', times, serif;\">\u25a0The system uses MITSUBISHI\/SIEMENS PLC, safe and reliable<\/span><br \/>\n<span style=\"font-size: 20px; font-family: 'times new roman', times, serif;\">\u25a0The nozzle is our company&#8217;s proprietary design, unarmed quick disassembly, and easy to maintain;<\/span><br \/>\n<span style=\"font-size: 20px; font-family: 'times new roman', times, serif;\">\u25a0Seal and soft connection part is made of Teflon, solvent-proof, acid-proof and alkali-poof, long use time.<\/span><br \/>\n<span style=\"font-size: 20px; font-family: 'times new roman', times, serif;\">\u25a0Possible precise 2-shift filling and possible to precisely adjust the 2nd shift filling flow volume.\uff1b<\/span><br \/>\n<span style=\"font-size: 20px; font-family: 'times new roman', times, serif;\">\u25a0Net weight and gross weight, two kinds of filling mode selection, meeting different filling needs;<\/span><br \/>\n<span style=\"font-size: 20px; font-family: 'times new roman', times, serif;\">\u25a0The target amount is free to set up, to adapt to a variety of quantitative filling weight range;<\/span><br \/>\n<span style=\"font-size: 20px; font-family: 'times new roman', times, serif;\">\u25a0The dual-window display dedicated filling control instrumentation, the target amount of filling volume, the number of pails, the cumulative amount of information can be displayed;<\/span><br \/>\n<span style=\"font-size: 20px; font-family: 'times new roman', times, serif;\">\u25a0The filling valve height can be adjusted manually, applicable to different heights of the drums<\/span><br \/>\n<span style=\"font-size: 20px; font-family: 'times new roman', times, serif;\">\u25a0Automatically recognize the empty drum tare. No drum not filling\uff1b<\/span><br \/>\n<span style=\"font-size: 20px; font-family: 'times new roman', times, serif;\">\u25a0Fill tolerance is checked, and if under weight, additional product is added\uff1b<\/span><br \/>\n<span style=\"font-size: 20px; font-family: 'times new roman', times, serif;\">\u25a0Controller configurates manual button for all the action, and an e-stop push-button, used to prepare special situation\uff1b<\/span><br \/>\n<span style=\"font-size: 20px; font-family: 'times new roman', times, serif;\">\u25a030 groups filling parameters for different products can be generated;<\/span><br \/>\n<span style=\"font-size: 20px; font-family: 'times new roman', times, serif;\">\u25a0With self-diagnosis, interface testing, digital tuning, anti-vibration setting, computer communication function\uff1b <\/span><br \/>\n<span style=\"font-size: 20px; font-family: 'times new roman', times, serif;\">\u25a0Using one-button operation: startup \u2013 filling valve lower into drum \u2013 automatic tare \u2013 filling \u2013filling valve retracts ending filling \u2013 drips collecting.<\/span><\/p>\n<h2 style=\"text-align: justify;\"><span style=\"font-family: 'times new roman', times, serif; color: #ff0000;\">Blueprint:<\/span><\/h2>\n<p><img loading=\"lazy\" decoding=\"async\" class=\"size-full wp-image-3867 aligncenter\" src=\"http:\/\/yourtech.vn\/wp-content\/uploads\/2020\/01\/ban-ve-ky-thuat-may-dong-goi-V5-300AE.jpg\" alt=\"M\u00e1y \u0111\u00f3ng g\u00f3i b\u00e1n t\u1ef1 \u0111\u1ed9ng cho s\u01a1n d\u1ea7u v\u00e0 s\u01a1n n\u01b0\u1edbc\" width=\"608\" height=\"384\" srcset=\"https:\/\/yourtech.vn\/wp-content\/uploads\/2020\/01\/ban-ve-ky-thuat-may-dong-goi-V5-300AE.jpg 608w, https:\/\/yourtech.vn\/wp-content\/uploads\/2020\/01\/ban-ve-ky-thuat-may-dong-goi-V5-300AE-510x322.jpg 510w\" sizes=\"auto, (max-width: 608px) 100vw, 608px\" \/><\/p>\n<p style=\"text-align: justify;\"><span style=\"color: #000000; font-family: 'times new roman', times, serif; font-size: 20px;\">Contact advice &#8211; Hotline: <\/span><a style=\"font-family: 'times new roman', times, serif; font-size: 20px;\" title=\"+84 90 33 44 140\" href=\"tel: +84 786383838\">+84 786 38 38 38<\/a><\/p>\n<p><img loading=\"lazy\" decoding=\"async\" class=\"size-full wp-image-3912 aligncenter\" src=\"http:\/\/yourtech.vn\/wp-content\/uploads\/2020\/01\/lienhe-yourtech-ENG.jpg\" alt=\"Th\u00f4ng tin li\u00ean h\u1ec7 C\u00f4ng ty H\u00f9ng V\u00e2n\" width=\"964\" height=\"420\" srcset=\"https:\/\/yourtech.vn\/wp-content\/uploads\/2020\/01\/lienhe-yourtech-ENG.jpg 964w, https:\/\/yourtech.vn\/wp-content\/uploads\/2020\/01\/lienhe-yourtech-ENG-510x222.jpg 510w, https:\/\/yourtech.vn\/wp-content\/uploads\/2020\/01\/lienhe-yourtech-ENG-650x283.jpg 650w, https:\/\/yourtech.vn\/wp-content\/uploads\/2020\/01\/lienhe-yourtech-ENG-768x335.jpg 768w\" sizes=\"auto, (max-width: 964px) 100vw, 964px\" \/><\/p>\n<p>&nbsp;<\/p>\n","protected":false},"excerpt":{"rendered":"<p>Typical Application Liquid Filling Machine is mainly used in industries such as coating, printing ink, paint, asphalt, glue, lubricant, petrochemical, fineness chemical etc. It is suitable for filling liquid, ointment products. V5-300AE Above-surface Explosion-proof Liquid filling machine, filling on surface of drum, apply a variety of non-foaming liquid filling. Unique design of filling device is&#8230;<\/p>\n","protected":false},"featured_media":3936,"comment_status":"open","ping_status":"closed","template":"","meta":{"_acf_changed":false},"product_brand":[],"product_cat":[],"product_tag":[724,725,726,727,728,729,730],"class_list":{"0":"post-3934","1":"product","2":"type-product","3":"status-publish","4":"has-post-thumbnail","6":"product_tag-day-chuyen-dong-goi","7":"product_tag-day-chuyen-dong-goi-son-dau","8":"product_tag-day-chuyen-dong-goi-son-nuoc","9":"product_tag-may-dong-goi","10":"product_tag-may-dong-goi-san-pham","11":"product_tag-may-dong-goi-son-dau","12":"product_tag-may-dong-goi-son-nuoc","14":"first","15":"instock","16":"shipping-taxable","17":"product-type-simple"},"acf":[],"_links":{"self":[{"href":"https:\/\/yourtech.vn\/en\/wp-json\/wp\/v2\/product\/3934","targetHints":{"allow":["GET"]}}],"collection":[{"href":"https:\/\/yourtech.vn\/en\/wp-json\/wp\/v2\/product"}],"about":[{"href":"https:\/\/yourtech.vn\/en\/wp-json\/wp\/v2\/types\/product"}],"replies":[{"embeddable":true,"href":"https:\/\/yourtech.vn\/en\/wp-json\/wp\/v2\/comments?post=3934"}],"wp:featuredmedia":[{"embeddable":true,"href":"https:\/\/yourtech.vn\/en\/wp-json\/wp\/v2\/media\/3936"}],"wp:attachment":[{"href":"https:\/\/yourtech.vn\/en\/wp-json\/wp\/v2\/media?parent=3934"}],"wp:term":[{"taxonomy":"product_brand","embeddable":true,"href":"https:\/\/yourtech.vn\/en\/wp-json\/wp\/v2\/product_brand?post=3934"},{"taxonomy":"product_cat","embeddable":true,"href":"https:\/\/yourtech.vn\/en\/wp-json\/wp\/v2\/product_cat?post=3934"},{"taxonomy":"product_tag","embeddable":true,"href":"https:\/\/yourtech.vn\/en\/wp-json\/wp\/v2\/product_tag?post=3934"}],"curies":[{"name":"wp","href":"https:\/\/api.w.org\/{rel}","templated":true}]}}