{"id":4032,"date":"2020-05-07T10:45:26","date_gmt":"2020-05-07T03:45:26","guid":{"rendered":"http:\/\/yourtech.vn\/?post_type=product&#038;p=4032"},"modified":"2020-05-07T11:40:10","modified_gmt":"2020-05-07T04:40:10","slug":"proceq-zaa-2300-automatic-film-applicator","status":"publish","type":"product","link":"https:\/\/yourtech.vn\/en\/san-pham\/proceq-zaa-2300-automatic-film-applicator\/","title":{"rendered":"Proceq ZAA 2300 Automatic Film Applicator"},"content":{"rendered":"<h2 style=\"text-align: justify;\"><span style=\"font-family: 'times new roman', times, serif; font-size: 20px; color: #ff0000;\">Automatic film applicator:<\/span><\/h2>\n<p style=\"text-align: justify;\"><span style=\"font-family: 'times new roman', times, serif; font-size: 20px; color: #000000;\">The Proceq ZAA 2300 Automatic Film Applicator provides accurate and reproducible application of coating materials, adhesives and similar products with almost all film applicators. The Proceq ZAA 2300 allows for multifunctional use with reversible, double sided glass plate that is easy to turn over or change.<\/span><\/p>\n<p style=\"text-align: justify;\"><span style=\"font-family: 'times new roman', times, serif; font-size: 20px; color: #000000;\">Thanks to its large scope of applications, the Proceq ZAA 2300 is deployable in a multitude of industries, such as the paint, varnish, paper, print, packaging, textile, food, building material, manufacturing and chemistry industry.<\/span><\/p>\n<p><img loading=\"lazy\" decoding=\"async\" class=\"aligncenter size-medium wp-image-4037\" src=\"http:\/\/yourtech.vn\/wp-content\/uploads\/2020\/05\/may-keo-mang-ZAA-2300-1-650x339.png\" alt=\"C\u00f4ng ty Yourtech chuy\u00ean cung c\u1ea5p c\u00e1c lo\u1ea1i m\u00e1y m\u00f3c thi\u1ebft b\u1ecb c\u00f4ng nghi\u1ec7p v\u00e0 ph\u00f2ng th\u00ed nghi\u1ec7m\" width=\"650\" height=\"339\" srcset=\"https:\/\/yourtech.vn\/wp-content\/uploads\/2020\/05\/may-keo-mang-ZAA-2300-1-650x339.png 650w, https:\/\/yourtech.vn\/wp-content\/uploads\/2020\/05\/may-keo-mang-ZAA-2300-1-510x266.png 510w, https:\/\/yourtech.vn\/wp-content\/uploads\/2020\/05\/may-keo-mang-ZAA-2300-1.png 751w\" sizes=\"auto, (max-width: 650px) 100vw, 650px\" \/><\/p>\n<h2 style=\"text-align: justify;\"><span style=\"font-size: 20px; font-family: 'times new roman', times, serif; color: #ff0000;\">Models:<\/span><\/h2>\n<ul>\n<li style=\"text-align: justify;\"><span style=\"font-size: 20px; font-family: 'times new roman', times, serif; color: #000000;\">Proceq ZAA 2300-slow Automatic film applicator with:<\/span><\/li>\n<li style=\"text-align: justify;\"><span style=\"font-size: 20px; font-family: 'times new roman', times, serif; color: #000000;\">Drawing speed 1 &#8211; 99 mm\/s (0.04 &#8211; 3.9&#8243;\/s)<\/span><\/li>\n<li style=\"text-align: justify;\"><span style=\"font-size: 20px; font-family: 'times new roman', times, serif; color: #000000;\">Resolution 1 mm\/s (0.04&#8243;\/s)<\/span><\/li>\n<li style=\"text-align: justify;\"><span style=\"font-size: 20px; font-family: 'times new roman', times, serif; color: #000000;\">Proceq ZAA 2300-medium Automatic film applicator with:<\/span><\/li>\n<li style=\"text-align: justify;\"><span style=\"font-size: 20px; font-family: 'times new roman', times, serif; color: #000000;\">Drawing speed 2.5 &#8211; 247.5 mm\/s (0.1 &#8211; 9.7&#8243;\/s)<\/span><\/li>\n<li style=\"text-align: justify;\"><span style=\"font-size: 20px; font-family: 'times new roman', times, serif; color: #000000;\">Resolution 2.5 mm\/s (0.1&#8243;\/s)<\/span><\/li>\n<li style=\"text-align: justify;\"><span style=\"font-size: 20px; font-family: 'times new roman', times, serif; color: #000000;\">Proceq ZAA 2300-fast Automatic film applicator with:<\/span><\/li>\n<li style=\"text-align: justify;\"><span style=\"font-size: 20px; font-family: 'times new roman', times, serif; color: #000000;\">Drawing speed 5 &#8211; 495 mm\/s (0.2 &#8211; 19.5&#8243;\/s)<\/span><\/li>\n<li style=\"text-align: justify;\"><span style=\"font-size: 20px; font-family: 'times new roman', times, serif; color: #000000;\">Resolution 5 mm\/s (0.2&#8243;\/s)<\/span><\/li>\n<\/ul>\n<p style=\"text-align: justify;\"><span style=\"font-size: 20px; font-family: 'times new roman', times, serif; color: #000000;\">We also carry a variety of applicators, so whether wire-bar, wedge-shaped, profiled or universal, you will find a suitable product for your requirements.<\/span><\/p>\n<p><img loading=\"lazy\" decoding=\"async\" class=\"aligncenter  wp-image-4034\" src=\"http:\/\/yourtech.vn\/wp-content\/uploads\/2020\/05\/dac-diem-may-keo-mang-son-ZAA-2300-1-650x454.png\" alt=\"C\u00f4ng ty Yourtech chuy\u00ean cung c\u1ea5p c\u00e1c lo\u1ea1i m\u00e1y m\u00f3c thi\u1ebft b\u1ecb c\u00f4ng nghi\u1ec7p v\u00e0 ph\u00f2ng th\u00ed nghi\u1ec7m\" width=\"598\" height=\"418\" srcset=\"https:\/\/yourtech.vn\/wp-content\/uploads\/2020\/05\/dac-diem-may-keo-mang-son-ZAA-2300-1-650x454.png 650w, https:\/\/yourtech.vn\/wp-content\/uploads\/2020\/05\/dac-diem-may-keo-mang-son-ZAA-2300-1-510x356.png 510w, https:\/\/yourtech.vn\/wp-content\/uploads\/2020\/05\/dac-diem-may-keo-mang-son-ZAA-2300-1.png 694w\" sizes=\"auto, (max-width: 598px) 100vw, 598px\" \/><\/p>\n<h2 style=\"text-align: justify;\"><span style=\"font-size: 20px; font-family: 'times new roman', times, serif; color: #ff0000;\">Overview:<\/span><\/h2>\n<ul>\n<li style=\"text-align: justify;\"><span style=\"font-size: 20px; font-family: 'times new roman', times, serif; color: #000000;\">Easy to handle<\/span><\/li>\n<li style=\"text-align: justify;\"><span style=\"font-size: 20px; font-family: 'times new roman', times, serif; color: #000000;\">Reliable results<\/span><\/li>\n<li style=\"text-align: justify;\"><span style=\"font-size: 20px; font-family: 'times new roman', times, serif; color: #000000;\">Functional design<\/span><\/li>\n<\/ul>\n<p><img loading=\"lazy\" decoding=\"async\" class=\"aligncenter size-medium wp-image-4040\" src=\"http:\/\/yourtech.vn\/wp-content\/uploads\/2020\/05\/van-hanh-may-keo-mang-ZAA-2300-1-650x424.png\" alt=\"C\u00f4ng ty Yourtech chuy\u00ean cung c\u1ea5p c\u00e1c lo\u1ea1i m\u00e1y m\u00f3c thi\u1ebft b\u1ecb c\u00f4ng nghi\u1ec7p v\u00e0 ph\u00f2ng th\u00ed nghi\u1ec7m\" width=\"650\" height=\"424\" srcset=\"https:\/\/yourtech.vn\/wp-content\/uploads\/2020\/05\/van-hanh-may-keo-mang-ZAA-2300-1-650x424.png 650w, https:\/\/yourtech.vn\/wp-content\/uploads\/2020\/05\/van-hanh-may-keo-mang-ZAA-2300-1-510x332.png 510w, https:\/\/yourtech.vn\/wp-content\/uploads\/2020\/05\/van-hanh-may-keo-mang-ZAA-2300-1-768x500.png 768w, https:\/\/yourtech.vn\/wp-content\/uploads\/2020\/05\/van-hanh-may-keo-mang-ZAA-2300-1.png 950w\" sizes=\"auto, (max-width: 650px) 100vw, 650px\" \/><\/p>\n<h2 style=\"text-align: justify;\"><span style=\"font-size: 20px; font-family: 'times new roman', times, serif; color: #ff0000;\">Applications:<\/span><\/h2>\n<ul>\n<li style=\"text-align: justify;\"><span style=\"font-size: 20px; font-family: 'times new roman', times, serif; color: #000000;\">For use in the paint, varnish, adhesive and chemical industries<\/span><\/li>\n<li style=\"text-align: justify;\"><span style=\"font-size: 20px; font-family: 'times new roman', times, serif; color: #000000;\">Quality assessment<\/span><\/li>\n<\/ul>\n<p><img loading=\"lazy\" decoding=\"async\" class=\"aligncenter size-medium wp-image-4035\" src=\"http:\/\/yourtech.vn\/wp-content\/uploads\/2020\/05\/huong-dan-su-dung-may-keo-mang-ZAA-2300-1-650x426.png\" alt=\"C\u00f4ng ty Yourtech chuy\u00ean cung c\u1ea5p c\u00e1c lo\u1ea1i m\u00e1y m\u00f3c thi\u1ebft b\u1ecb c\u00f4ng nghi\u1ec7p v\u00e0 ph\u00f2ng th\u00ed nghi\u1ec7m\" width=\"650\" height=\"426\" srcset=\"https:\/\/yourtech.vn\/wp-content\/uploads\/2020\/05\/huong-dan-su-dung-may-keo-mang-ZAA-2300-1-650x426.png 650w, https:\/\/yourtech.vn\/wp-content\/uploads\/2020\/05\/huong-dan-su-dung-may-keo-mang-ZAA-2300-1-510x334.png 510w, https:\/\/yourtech.vn\/wp-content\/uploads\/2020\/05\/huong-dan-su-dung-may-keo-mang-ZAA-2300-1.png 722w\" sizes=\"auto, (max-width: 650px) 100vw, 650px\" \/><\/p>\n<h2 style=\"text-align: justify;\"><span style=\"font-size: 20px; font-family: 'times new roman', times, serif; color: #ff0000;\">Features:<\/span><\/h2>\n<table>\n<tbody>\n<tr>\n<td><span style=\"font-size: 20px; font-family: 'times new roman', times, serif; color: #000000;\">Display<\/span><\/td>\n<td>\n<p><span style=\"font-size: 20px; font-family: 'times new roman', times, serif; color: #000000;\">Analog display<\/span><\/p>\n<\/td>\n<\/tr>\n<tr>\n<td><span style=\"font-size: 20px; font-family: 'times new roman', times, serif; color: #000000;\">Battery Life<\/span><\/td>\n<td>\n<p><span style=\"font-size: 20px; font-family: 'times new roman', times, serif; color: #000000;\">Power supply: 100 V &#8211; 240 V, 50 Hz &#8211; 60 Hz<\/span><\/p>\n<\/td>\n<\/tr>\n<tr>\n<td><span style=\"font-size: 20px; font-family: 'times new roman', times, serif; color: #000000;\">Measuring Area<\/span><\/td>\n<td>\n<p><span style=\"font-size: 20px; font-family: 'times new roman', times, serif; color: #000000;\">Application length: up to 400 mm (15.75&#8243;)<\/span><br \/>\n<span style=\"font-size: 20px; font-family: 'times new roman', times, serif; color: #000000;\">Application width: up to 300 mm (11.81&#8243;)<\/span><\/p>\n<\/td>\n<\/tr>\n<tr>\n<td><span style=\"font-size: 20px; font-family: 'times new roman', times, serif; color: #000000;\">Weight<\/span><\/td>\n<td>\n<p><span style=\"font-size: 20px; font-family: 'times new roman', times, serif; color: #000000;\">20 kg (44.1 lbs)<\/span><br \/>\n<span style=\"font-size: 20px; font-family: 'times new roman', times, serif; color: #000000;\">glass plate only: 6.4 kg (14.1 lbs)<\/span><\/p>\n<\/td>\n<\/tr>\n<tr>\n<td><span style=\"font-size: 20px; font-family: 'times new roman', times, serif; color: #000000;\">Operating Temperature<\/span><\/td>\n<td>\n<p><span style=\"font-size: 20px; font-family: 'times new roman', times, serif; color: #000000;\">Ambient conditions for the operation:<\/span><br \/>\n<span style=\"font-size: 20px; font-family: 'times new roman', times, serif; color: #000000;\">Temperature range: 5\u00b0C to +45\u00b0C<\/span><br \/>\n<span style=\"font-size: 20px; font-family: 'times new roman', times, serif; color: #000000;\">(41\u00a0\u00b0F\u00a0to\u00a0113 \u00b0F)<\/span><br \/>\n<span style=\"font-size: 20px; font-family: 'times new roman', times, serif; color: #000000;\">Relative humidity: 20% to 80%, no condensation<\/span><\/p>\n<\/td>\n<\/tr>\n<tr>\n<td><span style=\"font-size: 20px; font-family: 'times new roman', times, serif; color: #000000;\">Special Features<\/span><\/td>\n<td>\n<p><span style=\"font-size: 20px; font-family: 'times new roman', times, serif; color: #000000;\">Drawing speed: depending on version:<\/span><br \/>\n<span style=\"font-size: 20px; font-family: 'times new roman', times, serif; color: #000000;\">either 1 &#8211; 99 mm\/s, 2.5 &#8211; 247.5 mm\/s or 5\u00a0&#8211;\u00a0495\u00a0mm\/s<\/span><br \/>\n<span style=\"font-size: 20px; font-family: 'times new roman', times, serif; color: #000000;\">Resolution: depending on version:<\/span><br \/>\n<span style=\"font-size: 20px; font-family: 'times new roman', times, serif; color: #000000;\">either 1 mm\/s, 2.5 mm\/s or 5 mm\/s<\/span><\/p>\n<\/td>\n<\/tr>\n<\/tbody>\n<\/table>\n<p><img loading=\"lazy\" decoding=\"async\" class=\"aligncenter size-medium wp-image-4039\" src=\"http:\/\/yourtech.vn\/wp-content\/uploads\/2020\/05\/tieu-chuan-may-keo-mang-ZAA-2300-1-650x434.png\" alt=\"C\u00f4ng ty Yourtech chuy\u00ean cung c\u1ea5p c\u00e1c lo\u1ea1i m\u00e1y m\u00f3c thi\u1ebft b\u1ecb c\u00f4ng nghi\u1ec7p v\u00e0 ph\u00f2ng th\u00ed nghi\u1ec7m\" width=\"650\" height=\"434\" srcset=\"https:\/\/yourtech.vn\/wp-content\/uploads\/2020\/05\/tieu-chuan-may-keo-mang-ZAA-2300-1-650x434.png 650w, https:\/\/yourtech.vn\/wp-content\/uploads\/2020\/05\/tieu-chuan-may-keo-mang-ZAA-2300-1-510x341.png 510w, https:\/\/yourtech.vn\/wp-content\/uploads\/2020\/05\/tieu-chuan-may-keo-mang-ZAA-2300-1-768x513.png 768w, https:\/\/yourtech.vn\/wp-content\/uploads\/2020\/05\/tieu-chuan-may-keo-mang-ZAA-2300-1.png 952w\" sizes=\"auto, (max-width: 650px) 100vw, 650px\" \/><\/p>\n<h2 style=\"text-align: justify;\"><span style=\"font-size: 20px; font-family: 'times new roman', times, serif; color: #ff0000;\">Standardization:<\/span><\/h2>\n<ul>\n<li style=\"text-align: justify;\"><span style=\"font-size: 20px; font-family: 'times new roman', times, serif; color: #000000;\">ASTM D823 (depending on accessory)<\/span><\/li>\n<li style=\"text-align: justify;\"><span style=\"font-size: 20px; font-family: 'times new roman', times, serif; color: #000000;\">ASTM D1640 (depending on accessory)<\/span><\/li>\n<li style=\"text-align: justify;\"><span style=\"font-size: 20px; font-family: 'times new roman', times, serif; color: #000000;\">ISO 11998 (depending on accessory)<\/span><\/li>\n<\/ul>\n<p><img loading=\"lazy\" decoding=\"async\" class=\"aligncenter size-medium wp-image-4033\" src=\"http:\/\/yourtech.vn\/wp-content\/uploads\/2020\/05\/chi-tiet-may-keo-mang-ZAA-2300-1-650x436.png\" alt=\"C\u00f4ng ty Yourtech chuy\u00ean cung c\u1ea5p c\u00e1c lo\u1ea1i m\u00e1y m\u00f3c thi\u1ebft b\u1ecb c\u00f4ng nghi\u1ec7p v\u00e0 ph\u00f2ng th\u00ed nghi\u1ec7m\" width=\"650\" height=\"436\" srcset=\"https:\/\/yourtech.vn\/wp-content\/uploads\/2020\/05\/chi-tiet-may-keo-mang-ZAA-2300-1-650x436.png 650w, https:\/\/yourtech.vn\/wp-content\/uploads\/2020\/05\/chi-tiet-may-keo-mang-ZAA-2300-1-510x342.png 510w, https:\/\/yourtech.vn\/wp-content\/uploads\/2020\/05\/chi-tiet-may-keo-mang-ZAA-2300-1-768x516.png 768w, https:\/\/yourtech.vn\/wp-content\/uploads\/2020\/05\/chi-tiet-may-keo-mang-ZAA-2300-1.png 898w\" sizes=\"auto, (max-width: 650px) 100vw, 650px\" \/><\/p>\n<h2 style=\"text-align: justify;\"><span style=\"font-size: 20px; font-family: 'times new roman', times, serif; color: #ff0000;\">Accessories:<\/span><\/h2>\n<ul>\n<li style=\"text-align: justify;\"><span style=\"font-size: 20px; font-family: 'times new roman', times, serif; color: #000000;\">Modification set &#8220;Heatable Application&#8221; (for options see specific version)<\/span><\/li>\n<li style=\"text-align: justify;\"><span style=\"font-size: 20px; font-family: 'times new roman', times, serif; color: #000000;\">Precision-Vacuumplate with a series of holes of 1 mm (0.04&#8243;)<\/span><\/li>\n<li style=\"text-align: justify;\"><span style=\"font-size: 20px; font-family: 'times new roman', times, serif; color: #000000;\">Precision-Vacuumplate with a series of holes of 0.5 mm (0.02&#8243;)<\/span><\/li>\n<li style=\"text-align: justify;\"><span style=\"font-size: 20px; font-family: 'times new roman', times, serif; color: #000000;\">Vacuum pump 230 V with hose<\/span><\/li>\n<li style=\"text-align: justify;\"><span style=\"font-size: 20px; font-family: 'times new roman', times, serif; color: #000000;\">Vacuum pump 115 V with hose<\/span><\/li>\n<li style=\"text-align: justify;\"><span style=\"font-size: 20px; font-family: 'times new roman', times, serif; color: #000000;\">Proceq ZUA 2000 Universal Applicator<\/span><\/li>\n<li style=\"text-align: justify;\"><span style=\"font-size: 20px; font-family: 'times new roman', times, serif; color: #000000;\">Proceq ZAF 2010 4-sided Applicator Frame<\/span><\/li>\n<li style=\"text-align: justify;\"><span style=\"font-size: 20px; font-family: 'times new roman', times, serif; color: #000000;\">Profile Rod<\/span><\/li>\n<\/ul>\n<p><img loading=\"lazy\" decoding=\"async\" class=\"aligncenter size-medium wp-image-4038\" src=\"http:\/\/yourtech.vn\/wp-content\/uploads\/2020\/05\/su-dung-may-keo-mang-ZAA-2300-1-650x340.png\" alt=\"C\u00f4ng ty Yourtech chuy\u00ean cung c\u1ea5p c\u00e1c lo\u1ea1i m\u00e1y m\u00f3c thi\u1ebft b\u1ecb c\u00f4ng nghi\u1ec7p v\u00e0 ph\u00f2ng th\u00ed nghi\u1ec7m\" width=\"650\" height=\"340\" srcset=\"https:\/\/yourtech.vn\/wp-content\/uploads\/2020\/05\/su-dung-may-keo-mang-ZAA-2300-1-650x340.png 650w, https:\/\/yourtech.vn\/wp-content\/uploads\/2020\/05\/su-dung-may-keo-mang-ZAA-2300-1-510x267.png 510w, https:\/\/yourtech.vn\/wp-content\/uploads\/2020\/05\/su-dung-may-keo-mang-ZAA-2300-1-768x402.png 768w, https:\/\/yourtech.vn\/wp-content\/uploads\/2020\/05\/su-dung-may-keo-mang-ZAA-2300-1.png 877w\" sizes=\"auto, (max-width: 650px) 100vw, 650px\" \/><\/p>\n<p><span style=\"font-family: 'times new roman', times, serif; font-size: 20px;\"><span style=\"color: #000000;\">Customers need more information and more advice please contact &#8211; Hotline (free consultation):\u00a0<\/span> <a title=\"+84 90 33 44 140\" href=\"tel: +84 90 33 44 140\">+84 90 33 44 140<\/a><\/span><\/p>\n<p><img loading=\"lazy\" decoding=\"async\" class=\"aligncenter wp-image-4058 size-full\" src=\"http:\/\/yourtech.vn\/wp-content\/uploads\/2020\/05\/lienhe-yourtech-EN.png\" alt=\"C\u00f4ng ty Yourtech chuy\u00ean cung c\u1ea5p c\u00e1c lo\u1ea1i m\u00e1y m\u00f3c thi\u1ebft b\u1ecb c\u00f4ng nghi\u1ec7p v\u00e0 ph\u00f2ng th\u00ed nghi\u1ec7m\" width=\"964\" height=\"394\" srcset=\"https:\/\/yourtech.vn\/wp-content\/uploads\/2020\/05\/lienhe-yourtech-EN.png 964w, https:\/\/yourtech.vn\/wp-content\/uploads\/2020\/05\/lienhe-yourtech-EN-510x208.png 510w, https:\/\/yourtech.vn\/wp-content\/uploads\/2020\/05\/lienhe-yourtech-EN-650x266.png 650w, https:\/\/yourtech.vn\/wp-content\/uploads\/2020\/05\/lienhe-yourtech-EN-768x314.png 768w\" sizes=\"auto, (max-width: 964px) 100vw, 964px\" \/><\/p>\n<p>&nbsp;<\/p>\n","protected":false},"excerpt":{"rendered":"<p>Automatic film applicator: The Proceq ZAA 2300 Automatic Film Applicator provides accurate and reproducible application of coating materials, adhesives and similar products with almost all film applicators. The Proceq ZAA 2300 allows for multifunctional use with reversible, double sided glass plate that is easy to turn over or change. Thanks to its large scope of&#8230;<\/p>\n","protected":false},"featured_media":4036,"comment_status":"open","ping_status":"closed","template":"","meta":{"_acf_changed":false},"product_brand":[],"product_cat":[],"product_tag":[610,768,769,770,771,772,773],"class_list":{"0":"post-4032","1":"product","2":"type-product","3":"status-publish","4":"has-post-thumbnail","6":"product_tag-thiet-bi-phong-thi-nghiem","7":"product_tag-may-keo-mang-son-tu-dong","8":"product_tag-may-keo-mang-son","9":"product_tag-may-keo-mang-son-tu-dong-phong-thi-nghiem","10":"product_tag-may-keo-mang-son-phong-thi-nghiem","11":"product_tag-may-keo-mang-son-phong-lab","12":"product_tag-may-keo-mang-son-tu-dong-phong-lab","14":"first","15":"instock","16":"shipping-taxable","17":"product-type-simple"},"acf":[],"_links":{"self":[{"href":"https:\/\/yourtech.vn\/en\/wp-json\/wp\/v2\/product\/4032","targetHints":{"allow":["GET"]}}],"collection":[{"href":"https:\/\/yourtech.vn\/en\/wp-json\/wp\/v2\/product"}],"about":[{"href":"https:\/\/yourtech.vn\/en\/wp-json\/wp\/v2\/types\/product"}],"replies":[{"embeddable":true,"href":"https:\/\/yourtech.vn\/en\/wp-json\/wp\/v2\/comments?post=4032"}],"wp:featuredmedia":[{"embeddable":true,"href":"https:\/\/yourtech.vn\/en\/wp-json\/wp\/v2\/media\/4036"}],"wp:attachment":[{"href":"https:\/\/yourtech.vn\/en\/wp-json\/wp\/v2\/media?parent=4032"}],"wp:term":[{"taxonomy":"product_brand","embeddable":true,"href":"https:\/\/yourtech.vn\/en\/wp-json\/wp\/v2\/product_brand?post=4032"},{"taxonomy":"product_cat","embeddable":true,"href":"https:\/\/yourtech.vn\/en\/wp-json\/wp\/v2\/product_cat?post=4032"},{"taxonomy":"product_tag","embeddable":true,"href":"https:\/\/yourtech.vn\/en\/wp-json\/wp\/v2\/product_tag?post=4032"}],"curies":[{"name":"wp","href":"https:\/\/api.w.org\/{rel}","templated":true}]}}