{"id":4081,"date":"2020-05-11T11:51:31","date_gmt":"2020-05-11T04:51:31","guid":{"rendered":"http:\/\/yourtech.vn\/san-pham\/may-do-do-phan-quang-bien-bao-giao-thong-zehntner-zrs-6060\/"},"modified":"2020-05-11T16:59:45","modified_gmt":"2020-05-11T09:59:45","slug":"zehntner-zrs-6060-retroreflectometer","status":"publish","type":"product","link":"https:\/\/yourtech.vn\/en\/san-pham\/zehntner-zrs-6060-retroreflectometer\/","title":{"rendered":"Proceq ZRS 6060 Retro\u00adreflectometer"},"content":{"rendered":"<h2 style=\"text-align: center;\"><span style=\"font-size: 20px; font-family: 'times new roman', times, serif; color: #ff0000;\">Proceq ZRS 6060 Retro\u00adreflectometer \u2013 Ideal for Use on Road Signs<\/span><\/h2>\n<h3 style=\"text-align: justify;\"><span style=\"font-size: 20px; font-family: 'times new roman', times, serif; color: #ff0000;\">Ergonomic retroreflectometer <\/span><\/h3>\n<p style=\"text-align: justify;\"><span style=\"font-size: 20px; font-family: 'times new roman', times, serif; color: #000000;\">The Proceq ZRS 6060 Retro\u00adreflectometer represents the newest generation of ergonomic retroreflectometers for determination of night visibility (coefficient of retroreflection RA and R&#8217;). The Proceq ZRS 6060 is well suited for traffic signs, safety garments and other reflective materials with measurement of three different observation angles at the same time.<\/span><\/p>\n<p style=\"text-align: justify;\"><span style=\"font-size: 20px; font-family: 'times new roman', times, serif; color: #000000;\">The Proceq ZRS 6060 is the first retroreflectometer with an LED illumination system and a 3.5&#8243; high resolution colour touchscreen with adjustable display inclination for excellent visibility under all light conditions, even bright sunlight.<\/span><\/p>\n<p><img loading=\"lazy\" decoding=\"async\" class=\"aligncenter  wp-image-4074\" src=\"http:\/\/yourtech.vn\/wp-content\/uploads\/2020\/05\/may-do-phan-quang-bien-bao-giao-thong.png\" alt=\"C\u00f4ng ty Yourtech chuy\u00ean cung c\u1ea5p c\u00e1c lo\u1ea1i m\u00e1y m\u00f3c thi\u1ebft b\u1ecb c\u00f4ng nghi\u1ec7p v\u00e0 ph\u00f2ng th\u00ed nghi\u1ec7m\" width=\"373\" height=\"400\" \/><\/p>\n<h2 style=\"text-align: justify;\"><span style=\"font-size: 20px; font-family: 'times new roman', times, serif; color: #ff0000;\">New generation of ergonomic retroreflectometers <\/span><\/h2>\n<p style=\"text-align: justify;\"><span style=\"font-family: 'times new roman', times, serif; font-size: 20px; color: #000000;\">Night visibility is an important factor for traffic signs, safety garments and other retroreflective material such as Heavy Good Vehicles&#8217; (HGV&#8217;s) contour safety marking. The Proceq ZRS 6060 Retroreflectometer can test all kinds of retroreflective materials and colours with it&#8217;s automatic colour indication. The instrument also offers novel options to customize the reflectometer to personal requirements: integrated 5-megapixel camera, WAAS GPS-unit, handles and many more.<\/span><\/p>\n<p><img loading=\"lazy\" decoding=\"async\" class=\"aligncenter size-medium wp-image-4076\" src=\"http:\/\/yourtech.vn\/wp-content\/uploads\/2020\/05\/su-dung-may-do-do-phan-quang-bien-bao-giao-thong-650x424.png\" alt=\"C\u00f4ng ty Yourtech chuy\u00ean cung c\u1ea5p c\u00e1c lo\u1ea1i m\u00e1y m\u00f3c thi\u1ebft b\u1ecb c\u00f4ng nghi\u1ec7p v\u00e0 ph\u00f2ng th\u00ed nghi\u1ec7m\" width=\"650\" height=\"424\" srcset=\"https:\/\/yourtech.vn\/wp-content\/uploads\/2020\/05\/su-dung-may-do-do-phan-quang-bien-bao-giao-thong-650x424.png 650w, https:\/\/yourtech.vn\/wp-content\/uploads\/2020\/05\/su-dung-may-do-do-phan-quang-bien-bao-giao-thong-510x333.png 510w, https:\/\/yourtech.vn\/wp-content\/uploads\/2020\/05\/su-dung-may-do-do-phan-quang-bien-bao-giao-thong-768x501.png 768w, https:\/\/yourtech.vn\/wp-content\/uploads\/2020\/05\/su-dung-may-do-do-phan-quang-bien-bao-giao-thong.png 933w\" sizes=\"auto, (max-width: 650px) 100vw, 650px\" \/><\/p>\n<h2 style=\"text-align: justify;\"><span style=\"font-size: 20px; font-family: 'times new roman', times, serif; color: #ff0000;\">MappingTools Data and Analysis Software <\/span><\/h2>\n<p style=\"text-align: justify;\"><span style=\"font-family: 'times new roman', times, serif; font-size: 20px; color: #000000;\">MappingTools software for Proceq retroreflectometers allows simple administration and analysis of road and airport markings, traffic signs and\/or safety garments measurements. Results containing GPS coordinates can be displayed on a map in different colours using adjustable profiles and can also be exported to Google Earth\u2122. Reports can be generated in PDF or XLS file formats.<\/span><\/p>\n<h2 style=\"text-align: justify;\"><span style=\"font-size: 20px; font-family: 'times new roman', times, serif; color: #ff0000;\">Mapping Software Benefits<\/span><\/h2>\n<ul>\n<li><span style=\"font-size: 20px; font-family: 'times new roman', times, serif; color: #000000;\">Recorded information on the measurements (like pictures, ambient condition, position indication etc.) are displayed.<\/span><\/li>\n<li><span style=\"font-size: 20px; font-family: 'times new roman', times, serif; color: #000000;\">The map can be saved as an image for use in inhouse reports.<\/span><\/li>\n<li><span style=\"font-size: 20px; font-family: 'times new roman', times, serif; color: #000000;\">Multi-language menu-guidance in English, Czech, French, Dutch, German, Italian, Polish, Portuguese, Romanian, Spanish, Swedish and Thai.<\/span><\/li>\n<li><span style=\"font-size: 20px; font-family: 'times new roman', times, serif; color: #000000;\">The Mapping Tools software is able to store an infinite number of measurements.<\/span><\/li>\n<\/ul>\n<p><img loading=\"lazy\" decoding=\"async\" class=\"aligncenter size-medium wp-image-4078\" src=\"http:\/\/yourtech.vn\/wp-content\/uploads\/2020\/05\/ung-dung-may-do-do-phan-quang-bien-bao-giao-thong-650x385.png\" alt=\"C\u00f4ng ty Yourtech chuy\u00ean cung c\u1ea5p c\u00e1c lo\u1ea1i m\u00e1y m\u00f3c thi\u1ebft b\u1ecb c\u00f4ng nghi\u1ec7p v\u00e0 ph\u00f2ng th\u00ed nghi\u1ec7m\" width=\"650\" height=\"385\" srcset=\"https:\/\/yourtech.vn\/wp-content\/uploads\/2020\/05\/ung-dung-may-do-do-phan-quang-bien-bao-giao-thong-650x385.png 650w, https:\/\/yourtech.vn\/wp-content\/uploads\/2020\/05\/ung-dung-may-do-do-phan-quang-bien-bao-giao-thong-510x302.png 510w, https:\/\/yourtech.vn\/wp-content\/uploads\/2020\/05\/ung-dung-may-do-do-phan-quang-bien-bao-giao-thong-768x455.png 768w, https:\/\/yourtech.vn\/wp-content\/uploads\/2020\/05\/ung-dung-may-do-do-phan-quang-bien-bao-giao-thong.png 950w\" sizes=\"auto, (max-width: 650px) 100vw, 650px\" \/><\/p>\n<h2><span style=\"color: #ff0000; font-size: 20px; font-family: 'times new roman', times, serif;\">Models<\/span><\/h2>\n<p><span style=\"color: #000000; font-family: 'times new roman', times, serif; font-size: 20px;\"><strong>1. 6060.ASTM: <\/strong><\/span><\/p>\n<ul>\n<li><span style=\"color: #000000; font-family: 'times new roman', times, serif; font-size: 20px;\">Illumination angle \u00df1 -4\u00b0<\/span><\/li>\n<li><span style=\"color: #000000; font-family: 'times new roman', times, serif; font-size: 20px;\">Illumination angle \u00df2 0\u00b0<\/span><\/li>\n<li><span style=\"color: #000000; font-family: 'times new roman', times, serif; font-size: 20px;\">Observation angle \u03b1 0.2\u00b0, 0.5\u00b0 and 1\u00b0 <\/span><\/li>\n<\/ul>\n<p><span style=\"color: #000000; font-family: 'times new roman', times, serif; font-size: 20px;\"><strong>2. 6060.CD:<\/strong><\/span><\/p>\n<ul>\n<li><span style=\"color: #000000; font-family: 'times new roman', times, serif; font-size: 20px;\">Illumination angle \u00df1 5\u00b0<\/span><\/li>\n<li><span style=\"color: #000000; font-family: 'times new roman', times, serif; font-size: 20px;\">Illumination angle \u00df2 0\u00b0<\/span><\/li>\n<li><span style=\"color: #000000; font-family: 'times new roman', times, serif; font-size: 20px;\">Observation angle \u03b1 0.2\u00b0, 0.33\u00b0, 0.5\u00b0 <\/span><\/li>\n<\/ul>\n<p><span style=\"color: #000000; font-family: 'times new roman', times, serif; font-size: 20px;\"><strong>3. 6060.DE:<\/strong><\/span><\/p>\n<ul>\n<li><span style=\"color: #000000; font-family: 'times new roman', times, serif; font-size: 20px;\">Illumination angle \u00df1 5\u00b0<\/span><\/li>\n<li><span style=\"color: #000000; font-family: 'times new roman', times, serif; font-size: 20px;\">Illumination angle \u00df2 0\u00b0<\/span><\/li>\n<li><span style=\"color: #000000; font-family: 'times new roman', times, serif; font-size: 20px;\">Observation angle \u03b1 0.2\u00b0, 0.33\u00b0, 1\u00b0 <\/span><\/li>\n<\/ul>\n<p><span style=\"color: #000000; font-family: 'times new roman', times, serif; font-size: 20px;\"><strong>4. 6060.EN:<\/strong><\/span><\/p>\n<ul>\n<li><span style=\"color: #000000; font-family: 'times new roman', times, serif; font-size: 20px;\">Illumination angle \u00df1 5\u00b0<\/span><\/li>\n<li><span style=\"color: #000000; font-family: 'times new roman', times, serif; font-size: 20px;\">Illumination angle \u00df2 0\u00b0<\/span><\/li>\n<li><span style=\"color: #000000; font-family: 'times new roman', times, serif; font-size: 20px;\">Observation angle \u03b1 0.2\u00b0, 0.33\u00b0, 2\u00b0 <\/span><\/li>\n<\/ul>\n<p><span style=\"color: #000000; font-family: 'times new roman', times, serif; font-size: 20px;\"><strong>5. 6060.CEN:<\/strong><\/span><\/p>\n<ul>\n<li><span style=\"color: #000000; font-family: 'times new roman', times, serif; font-size: 20px;\">llumination angle \u00df1 5\u00b0<\/span><\/li>\n<li><span style=\"color: #000000; font-family: 'times new roman', times, serif; font-size: 20px;\">Illumination angle \u00df2 0\u00b0<\/span><\/li>\n<li><span style=\"color: #000000; font-family: 'times new roman', times, serif; font-size: 20px;\">Observation angle \u03b1 0.33\u00b0, 0.5\u00b0, 1\u00b0 <\/span><\/li>\n<\/ul>\n<p><span style=\"color: #000000; font-family: 'times new roman', times, serif; font-size: 20px;\"><strong>6. 6060.C.S.033.1.15:<\/strong><\/span><\/p>\n<ul>\n<li><span style=\"color: #000000; font-family: 'times new roman', times, serif; font-size: 20px;\">Illumination angle \u00df1 +5\u00b0<\/span><\/li>\n<li><span style=\"color: #000000; font-family: 'times new roman', times, serif; font-size: 20px;\">Observation angle \u03b1 0.33\u00b0, 1\u00b0, 1.5\u00b0 <\/span><\/li>\n<\/ul>\n<p><img loading=\"lazy\" decoding=\"async\" class=\"aligncenter  wp-image-4072\" src=\"http:\/\/yourtech.vn\/wp-content\/uploads\/2020\/05\/dac-diem-may-do-do-phan-quang-650x612.png\" alt=\"C\u00f4ng ty Yourtech chuy\u00ean cung c\u1ea5p c\u00e1c lo\u1ea1i m\u00e1y m\u00f3c thi\u1ebft b\u1ecb c\u00f4ng nghi\u1ec7p v\u00e0 ph\u00f2ng th\u00ed nghi\u1ec7m\" width=\"427\" height=\"402\" srcset=\"https:\/\/yourtech.vn\/wp-content\/uploads\/2020\/05\/dac-diem-may-do-do-phan-quang-650x612.png 650w, https:\/\/yourtech.vn\/wp-content\/uploads\/2020\/05\/dac-diem-may-do-do-phan-quang-510x480.png 510w, https:\/\/yourtech.vn\/wp-content\/uploads\/2020\/05\/dac-diem-may-do-do-phan-quang.png 679w\" sizes=\"auto, (max-width: 427px) 100vw, 427px\" \/><\/p>\n<h2><span style=\"font-size: 20px; font-family: 'times new roman', times, serif; color: #ff0000;\">Overview<\/span><\/h2>\n<table style=\"width: 888px; height: 277px;\">\n<tbody>\n<tr style=\"height: 71px;\">\n<td style=\"width: 140px; height: 71px;\"><span style=\"font-size: 20px; font-family: 'times new roman', times, serif; color: #000000;\">Your Benefits<\/span><\/td>\n<td style=\"width: 733.6px; height: 71px;\">\n<div class=\"symbol\">\n<div class=\"symbol-image\"><span style=\"font-family: 'times new roman', times, serif; font-size: 20px; color: #000000;\">Easy to operate with polyglot menu navigation<\/span><\/div>\n<\/div>\n<div class=\"symbol\">\n<div class=\"symbol-image\"><span style=\"font-family: 'times new roman', times, serif; font-size: 20px; color: #000000;\">Sturdy construction and ergonomic design<\/span><\/div>\n<\/div>\n<div class=\"symbol\">\n<div class=\"symbol-image\"><span style=\"font-family: 'times new roman', times, serif; font-size: 20px; color: #000000;\">Factory calibration traceable to the independent Swiss Federal Institute of Metrology METAS<\/span><\/div>\n<\/div>\n<\/td>\n<\/tr>\n<tr style=\"height: 79px;\">\n<td style=\"width: 140px; height: 79px;\"><span style=\"font-size: 20px; font-family: 'times new roman', times, serif; color: #000000;\">Configuration<\/span><\/td>\n<td style=\"width: 733.6px; height: 79px;\">\n<p><span style=\"font-size: 20px; font-family: 'times new roman', times, serif; color: #000000;\">Innovative options to customize the reflectometer to personal requirements: integrated 5-megapixel camera, WAAS GPS-unit, handles and many more<\/span><\/p>\n<\/td>\n<\/tr>\n<tr style=\"height: 127px;\">\n<td style=\"width: 140px; height: 127px;\"><span style=\"font-size: 20px; font-family: 'times new roman', times, serif; color: #000000;\">Technology<\/span><\/td>\n<td style=\"width: 733.6px; height: 127px;\">\n<ul>\n<li><span style=\"font-size: 20px; font-family: 'times new roman', times, serif; color: #000000;\">LED illumination system<\/span><\/li>\n<li><span style=\"font-size: 20px; font-family: 'times new roman', times, serif; color: #000000;\">3.5\u201d colour touchscreen with adjustable display inclination for excellent visibility under all light conditions<\/span><\/li>\n<li><span style=\"font-size: 20px; font-family: 'times new roman', times, serif; color: #000000;\">Measurement of three different observation angles at the same time<\/span><\/li>\n<\/ul>\n<\/td>\n<\/tr>\n<\/tbody>\n<\/table>\n<p><img loading=\"lazy\" decoding=\"async\" class=\"aligncenter  wp-image-4075\" src=\"http:\/\/yourtech.vn\/wp-content\/uploads\/2020\/05\/su-dung-may-do-do-phan-quang-650x439.png\" alt=\"C\u00f4ng ty Yourtech chuy\u00ean cung c\u1ea5p c\u00e1c lo\u1ea1i m\u00e1y m\u00f3c thi\u1ebft b\u1ecb c\u00f4ng nghi\u1ec7p v\u00e0 ph\u00f2ng th\u00ed nghi\u1ec7m\" width=\"537\" height=\"363\" srcset=\"https:\/\/yourtech.vn\/wp-content\/uploads\/2020\/05\/su-dung-may-do-do-phan-quang-650x439.png 650w, https:\/\/yourtech.vn\/wp-content\/uploads\/2020\/05\/su-dung-may-do-do-phan-quang-510x344.png 510w, https:\/\/yourtech.vn\/wp-content\/uploads\/2020\/05\/su-dung-may-do-do-phan-quang-768x518.png 768w, https:\/\/yourtech.vn\/wp-content\/uploads\/2020\/05\/su-dung-may-do-do-phan-quang.png 873w\" sizes=\"auto, (max-width: 537px) 100vw, 537px\" \/><\/p>\n<h2 style=\"text-align: justify;\">\u00a0<\/h2>\n<h2><span style=\"font-size: 20px; font-family: 'times new roman', times, serif; color: #ff0000;\">Applications<\/span><\/h2>\n<ul>\n<li><span style=\"font-size: 20px; font-family: 'times new roman', times, serif; color: #000000;\">Determination of the Coefficient of Retroreflection R<sub>A<\/sub>\u00a0and R&#8217;<\/span><\/li>\n<li><span style=\"font-size: 20px; font-family: 'times new roman', times, serif; color: #000000;\">Automatic colour indication of retroreflective materials<\/span><\/li>\n<li><span style=\"font-size: 20px; font-family: 'times new roman', times, serif; color: #000000;\">Field and laboratory use<\/span><\/li>\n<li><span style=\"font-size: 20px; font-family: 'times new roman', times, serif; color: #000000;\">Quality assessment<\/span><\/li>\n<\/ul>\n<h2 style=\"text-align: justify;\"><span style=\"color: #ff0000; font-size: 20px; font-family: 'times new roman', times, serif;\">Features<\/span><\/h2>\n<table>\n<tbody>\n<tr>\n<td style=\"text-align: justify;\"><span style=\"font-family: 'times new roman', times, serif; font-size: 20px; color: #000000;\">Display<\/span><\/td>\n<td style=\"text-align: justify;\">\n<p><span style=\"font-family: 'times new roman', times, serif; font-size: 20px; color: #000000;\">3.5\u201c colour TFT (LCD), LED backlight, HVGA resolution<\/span><\/p>\n<\/td>\n<\/tr>\n<tr>\n<td style=\"text-align: justify;\"><span style=\"font-family: 'times new roman', times, serif; font-size: 20px; color: #000000;\">Memory<\/span><\/td>\n<td style=\"text-align: justify;\">\n<p><span style=\"font-family: 'times new roman', times, serif; font-size: 20px; color: #000000;\">Internal flash memory of 1 GB \u2248 1\u2018000\u2018000 measurements without pictures<\/span><\/p>\n<\/td>\n<\/tr>\n<tr>\n<td style=\"text-align: justify;\"><span style=\"font-family: 'times new roman', times, serif; font-size: 20px; color: #000000;\">Connections<\/span><\/td>\n<td style=\"text-align: justify;\">\n<p><span style=\"font-family: 'times new roman', times, serif; font-size: 20px; color: #000000;\">Host USB (type A, Client Mini USB)(type B)<\/span><\/p>\n<\/td>\n<\/tr>\n<tr>\n<td style=\"text-align: justify;\"><span style=\"font-family: 'times new roman', times, serif; font-size: 20px; color: #000000;\">Measuring Range<\/span><\/td>\n<td style=\"text-align: justify;\">\n<p><span style=\"font-family: 'times new roman', times, serif; font-size: 20px; color: #000000;\">0 &#8211; 2\u2018000 cd\u2022lx<sup>-1<\/sup>\u2022m<sup>-2<\/sup><\/span><\/p>\n<\/td>\n<\/tr>\n<tr>\n<td style=\"text-align: justify;\"><span style=\"font-family: 'times new roman', times, serif; font-size: 20px; color: #000000;\">Reporting software<\/span><\/td>\n<td style=\"text-align: justify;\">\n<p><span style=\"font-family: 'times new roman', times, serif; font-size: 20px; color: #000000;\">Includes mapping and data analysis software MappingTools<\/span><\/p>\n<\/td>\n<\/tr>\n<tr>\n<td style=\"text-align: justify;\"><span style=\"font-family: 'times new roman', times, serif; font-size: 20px; color: #000000;\">Calibration Accuracy<\/span><\/td>\n<td style=\"text-align: justify;\">\n<p><span style=\"font-family: 'times new roman', times, serif; font-size: 20px; color: #000000;\">Factory calibration traceable to the independent Swiss Federal Institute of Metrology METAS<\/span><\/p>\n<\/td>\n<\/tr>\n<tr>\n<td style=\"text-align: justify;\"><span style=\"font-family: 'times new roman', times, serif; font-size: 20px; color: #000000;\">Weight<\/span><\/td>\n<td style=\"text-align: justify;\">\n<p><span style=\"font-family: 'times new roman', times, serif; font-size: 20px; color: #000000;\">1.9 kg (4.19 lbs) net without options<\/span><\/p>\n<\/td>\n<\/tr>\n<tr>\n<td style=\"text-align: justify;\"><span style=\"font-family: 'times new roman', times, serif; font-size: 20px; color: #000000;\">Battery<\/span><\/td>\n<td style=\"text-align: justify;\">\n<p><span style=\"font-family: 'times new roman', times, serif; font-size: 20px; color: #000000;\">Li-Ion 14.4 V \/ 6.5 Ah<\/span><\/p>\n<\/td>\n<\/tr>\n<tr>\n<td style=\"text-align: justify;\"><span style=\"font-family: 'times new roman', times, serif; font-size: 20px; color: #000000;\">Operating Temperature<\/span><\/td>\n<td style=\"text-align: justify;\">\n<p><span style=\"font-family: 'times new roman', times, serif; font-size: 20px; color: #000000;\">-10 to +50\u00b0C (14 to +122\u00b0F), non condensing<\/span><\/p>\n<\/td>\n<\/tr>\n<\/tbody>\n<\/table>\n<p><img loading=\"lazy\" decoding=\"async\" class=\"aligncenter size-medium wp-image-4077\" src=\"http:\/\/yourtech.vn\/wp-content\/uploads\/2020\/05\/ung-dung-may-do-do-phan-quang-650x330.png\" alt=\"C\u00f4ng ty Yourtech chuy\u00ean cung c\u1ea5p c\u00e1c lo\u1ea1i m\u00e1y m\u00f3c thi\u1ebft b\u1ecb c\u00f4ng nghi\u1ec7p v\u00e0 ph\u00f2ng th\u00ed nghi\u1ec7m\" width=\"650\" height=\"330\" srcset=\"https:\/\/yourtech.vn\/wp-content\/uploads\/2020\/05\/ung-dung-may-do-do-phan-quang-650x330.png 650w, https:\/\/yourtech.vn\/wp-content\/uploads\/2020\/05\/ung-dung-may-do-do-phan-quang-510x259.png 510w, https:\/\/yourtech.vn\/wp-content\/uploads\/2020\/05\/ung-dung-may-do-do-phan-quang-768x390.png 768w, https:\/\/yourtech.vn\/wp-content\/uploads\/2020\/05\/ung-dung-may-do-do-phan-quang-1024x520.png 1024w, https:\/\/yourtech.vn\/wp-content\/uploads\/2020\/05\/ung-dung-may-do-do-phan-quang.png 1188w\" sizes=\"auto, (max-width: 650px) 100vw, 650px\" \/><\/p>\n<h2><span style=\"color: #ff0000; font-size: 20px; font-family: 'times new roman', times, serif;\">Standardization<\/span><\/h2>\n<ul>\n<li><span style=\"font-size: 20px; font-family: 'times new roman', times, serif;\">\u00a0ASTM E1709<\/span><\/li>\n<li><span style=\"font-size: 20px; font-family: 'times new roman', times, serif;\">\u00a0ASTM E2540<\/span><\/li>\n<li><span style=\"font-size: 20px; font-family: 'times new roman', times, serif;\">\u00a0ASTM E1809 (withdrawn 2010)<\/span><\/li>\n<li><span style=\"font-size: 20px; font-family: 'times new roman', times, serif;\">\u00a0DIN 67520<\/span><\/li>\n<li><span style=\"font-size: 20px; font-family: 'times new roman', times, serif;\">\u00a0EN 12899-1<\/span><\/li>\n<li><span style=\"font-size: 20px; font-family: 'times new roman', times, serif;\">\u00a0ISO 20471<\/span><\/li>\n<li><span style=\"font-size: 20px; font-family: 'times new roman', times, serif;\">\u00a0MUTCD<\/span><\/li>\n<\/ul>\n<h2><span style=\"font-size: 20px; font-family: 'times new roman', times, serif; color: #ff0000;\">Accessories<\/span><\/h2>\n<ul>\n<li><span style=\"font-size: 20px; font-family: 'times new roman', times, serif; color: #000000;\">ACC1490: portable USB-printer<\/span><\/li>\n<li><span style=\"font-size: 20px; font-family: 'times new roman', times, serif; color: #000000;\">ACC918: barcode reader<\/span><\/li>\n<li><span style=\"font-size: 20px; font-family: 'times new roman', times, serif; color: #000000;\">ACC798: handle 1.2 m (47.2\u201c)<\/span><\/li>\n<li><span style=\"font-size: 20px; font-family: 'times new roman', times, serif; color: #000000;\">ACC799: extendable handle from 1.7 m to 3 m (66.9&#8243;- 118.1\u201c)<\/span><\/li>\n<li><span style=\"font-size: 20px; font-family: 'times new roman', times, serif; color: #000000;\">ACC800: extendable handle from 2.2 m to 4 m (86.6&#8243;-157.5\u201c)<\/span><\/li>\n<li><span style=\"font-size: 20px; font-family: 'times new roman', times, serif; color: #000000;\">ACC1261: inverter 150 W to be plugged into the car cigarette lighter<\/span><\/li>\n<li><span style=\"font-size: 20px; font-family: 'times new roman', times, serif; color: #000000;\">ACC797: WAAS GPS-unit<\/span><\/li>\n<li><span style=\"font-size: 20px; font-family: 'times new roman', times, serif; color: #000000;\">ACC1418: 5-megapixel camera<\/span><\/li>\n<li><span style=\"font-size: 20px; font-family: 'times new roman', times, serif; color: #000000;\">ACC804: adapter for illumination angle 20\u00b0<\/span><\/li>\n<li><span style=\"font-size: 20px; font-family: 'times new roman', times, serif; color: #000000;\">ACC805: adapter for illumination angle 30\u00b0<\/span><\/li>\n<li><span style=\"font-size: 20px; font-family: 'times new roman', times, serif; color: #000000;\">ACC806: adapter for illumination angle 40\u00b0<\/span><\/li>\n<\/ul>\n<p><img loading=\"lazy\" decoding=\"async\" class=\"aligncenter wp-image-4073 size-large\" src=\"http:\/\/yourtech.vn\/wp-content\/uploads\/2020\/05\/may-do-do-phan-quang-1024x350.png\" alt=\"C\u00f4ng ty Yourtech chuy\u00ean cung c\u1ea5p c\u00e1c lo\u1ea1i m\u00e1y m\u00f3c thi\u1ebft b\u1ecb c\u00f4ng nghi\u1ec7p v\u00e0 ph\u00f2ng th\u00ed nghi\u1ec7m\" width=\"1024\" height=\"350\" srcset=\"https:\/\/yourtech.vn\/wp-content\/uploads\/2020\/05\/may-do-do-phan-quang-1024x350.png 1024w, https:\/\/yourtech.vn\/wp-content\/uploads\/2020\/05\/may-do-do-phan-quang-510x174.png 510w, https:\/\/yourtech.vn\/wp-content\/uploads\/2020\/05\/may-do-do-phan-quang-650x222.png 650w, https:\/\/yourtech.vn\/wp-content\/uploads\/2020\/05\/may-do-do-phan-quang-768x263.png 768w, https:\/\/yourtech.vn\/wp-content\/uploads\/2020\/05\/may-do-do-phan-quang.png 1701w\" sizes=\"auto, (max-width: 1024px) 100vw, 1024px\" \/><\/p>\n<h2><span style=\"font-size: 20px; color: #ff0000; font-family: 'times new roman', times, serif;\">Video clip:<\/span><\/h2>\n<p><iframe loading=\"lazy\" src=\"\/\/www.youtube.com\/embed\/HeeaFTH1Qyw?feature=youtu\" width=\"560\" height=\"314\" allowfullscreen=\"allowfullscreen\"><\/iframe><\/p>\n<p style=\"text-align: justify;\"><span style=\"font-family: 'times new roman', times, serif; font-size: 20px;\"><span style=\"color: #000000;\">Customers need more information and more advice please contact &#8211; Hotline (free consultation):\u00a0<\/span> <a title=\"+84 90 33 44 140\" href=\"tel: +84 90 33 44 140\">+84 90 33 44 140<\/a><\/span><\/p>\n<p><img loading=\"lazy\" decoding=\"async\" class=\"aligncenter wp-image-4058 size-full\" src=\"http:\/\/yourtech.vn\/wp-content\/uploads\/2020\/05\/lienhe-yourtech-EN.png\" alt=\"C\u00f4ng ty Yourtech chuy\u00ean cung c\u1ea5p c\u00e1c lo\u1ea1i m\u00e1y m\u00f3c thi\u1ebft b\u1ecb c\u00f4ng nghi\u1ec7p v\u00e0 ph\u00f2ng th\u00ed nghi\u1ec7m\" width=\"964\" height=\"394\" srcset=\"https:\/\/yourtech.vn\/wp-content\/uploads\/2020\/05\/lienhe-yourtech-EN.png 964w, https:\/\/yourtech.vn\/wp-content\/uploads\/2020\/05\/lienhe-yourtech-EN-510x208.png 510w, https:\/\/yourtech.vn\/wp-content\/uploads\/2020\/05\/lienhe-yourtech-EN-650x266.png 650w, https:\/\/yourtech.vn\/wp-content\/uploads\/2020\/05\/lienhe-yourtech-EN-768x314.png 768w\" sizes=\"auto, (max-width: 964px) 100vw, 964px\" \/><\/p>\n<p>&nbsp;<\/p>\n<p>&nbsp;<\/p>\n","protected":false},"excerpt":{"rendered":"<p>Proceq ZRS 6060 Retro\u00adreflectometer \u2013 Ideal for Use on Road Signs Ergonomic retroreflectometer The Proceq ZRS 6060 Retro\u00adreflectometer represents the newest generation of ergonomic retroreflectometers for determination of night visibility (coefficient of retroreflection RA and R&#8217;). The Proceq ZRS 6060 is well suited for traffic signs, safety garments and other reflective materials with measurement of&#8230;<\/p>\n","protected":false},"featured_media":4083,"comment_status":"open","ping_status":"closed","template":"","meta":{"_acf_changed":false},"product_brand":[],"product_cat":[],"product_tag":[610,611,774,775,776,777],"class_list":{"0":"post-4081","1":"product","2":"type-product","3":"status-publish","4":"has-post-thumbnail","6":"product_tag-thiet-bi-phong-thi-nghiem","7":"product_tag-thiet-bi-phong-lab","8":"product_tag-may-do-do-phan-quang","9":"product_tag-may-do-phan-quang","10":"product_tag-may-do-do-phan-quang-bieeren-bao-giao-thong","11":"product_tag-may-do-phan-quang-bien-bao-giao-thong","13":"first","14":"instock","15":"shipping-taxable","16":"product-type-simple"},"acf":[],"_links":{"self":[{"href":"https:\/\/yourtech.vn\/en\/wp-json\/wp\/v2\/product\/4081","targetHints":{"allow":["GET"]}}],"collection":[{"href":"https:\/\/yourtech.vn\/en\/wp-json\/wp\/v2\/product"}],"about":[{"href":"https:\/\/yourtech.vn\/en\/wp-json\/wp\/v2\/types\/product"}],"replies":[{"embeddable":true,"href":"https:\/\/yourtech.vn\/en\/wp-json\/wp\/v2\/comments?post=4081"}],"wp:featuredmedia":[{"embeddable":true,"href":"https:\/\/yourtech.vn\/en\/wp-json\/wp\/v2\/media\/4083"}],"wp:attachment":[{"href":"https:\/\/yourtech.vn\/en\/wp-json\/wp\/v2\/media?parent=4081"}],"wp:term":[{"taxonomy":"product_brand","embeddable":true,"href":"https:\/\/yourtech.vn\/en\/wp-json\/wp\/v2\/product_brand?post=4081"},{"taxonomy":"product_cat","embeddable":true,"href":"https:\/\/yourtech.vn\/en\/wp-json\/wp\/v2\/product_cat?post=4081"},{"taxonomy":"product_tag","embeddable":true,"href":"https:\/\/yourtech.vn\/en\/wp-json\/wp\/v2\/product_tag?post=4081"}],"curies":[{"name":"wp","href":"https:\/\/api.w.org\/{rel}","templated":true}]}}