{"id":4145,"date":"2020-05-12T10:03:06","date_gmt":"2020-05-12T03:03:06","guid":{"rendered":"http:\/\/yourtech.vn\/san-pham\/may-do-do-bong-proceq-zol-1150\/"},"modified":"2020-05-12T11:03:01","modified_gmt":"2020-05-12T04:03:01","slug":"proceq-zehntner-zol-1150-online-glossmeter","status":"publish","type":"product","link":"https:\/\/yourtech.vn\/en\/san-pham\/proceq-zehntner-zol-1150-online-glossmeter\/","title":{"rendered":"Proceq (Zehntner) ZOL 1150 Online-Glossmeter"},"content":{"rendered":"<h2 style=\"text-align: justify;\"><span style=\"font-family: 'times new roman', times, serif; color: #ff0000; font-size: 20px;\">Tailored Industrial Gloss Measuring System<\/span><\/h2>\n<p style=\"text-align: justify;\"><span style=\"font-family: 'times new roman', times, serif; color: #000000; font-size: 20px;\">The Proceq (Zehntner) ZOL 1150 Online-Glossmeter is a tailored gloss-measuring system for industrial areas for contactless online measurement of all gloss ranges from matt to high gloss up to 2&#8217;000GU.<\/span><\/p>\n<p><img loading=\"lazy\" decoding=\"async\" class=\"aligncenter  wp-image-4139\" src=\"http:\/\/yourtech.vn\/wp-content\/uploads\/2020\/05\/may-do-do-bong-vat-lieu-1-650x632.png\" alt=\"\" width=\"454\" height=\"441\" srcset=\"https:\/\/yourtech.vn\/wp-content\/uploads\/2020\/05\/may-do-do-bong-vat-lieu-1-650x632.png 650w, https:\/\/yourtech.vn\/wp-content\/uploads\/2020\/05\/may-do-do-bong-vat-lieu-1-510x496.png 510w, https:\/\/yourtech.vn\/wp-content\/uploads\/2020\/05\/may-do-do-bong-vat-lieu-1-768x746.png 768w, https:\/\/yourtech.vn\/wp-content\/uploads\/2020\/05\/may-do-do-bong-vat-lieu-1.png 995w\" sizes=\"auto, (max-width: 454px) 100vw, 454px\" \/><\/p>\n<h2 style=\"text-align: justify;\"><span style=\"font-family: 'times new roman', times, serif; color: #ff0000; font-size: 20px;\">Overview<\/span><\/h2>\n<ul>\n<li style=\"text-align: justify;\"><span style=\"font-family: 'times new roman', times, serif; color: #000000; font-size: 20px;\">Up to 1\u2018000 readings per second with multi-angle measuring heads and automatic measuring distance correction<\/span><\/li>\n<li style=\"text-align: justify;\"><span style=\"font-family: 'times new roman', times, serif; color: #000000; font-size: 20px;\">Measurements on the lower and\/or upper side of the continuous material<\/span><\/li>\n<li style=\"text-align: justify;\"><span style=\"font-family: 'times new roman', times, serif; color: #000000; font-size: 20px;\">Automatic in-situ calibration<\/span><\/li>\n<li style=\"text-align: justify;\"><span style=\"font-family: 'times new roman', times, serif; color: #000000; font-size: 20px;\">Ethernet interface <\/span><\/li>\n<li style=\"text-align: justify;\"><span style=\"font-family: 'times new roman', times, serif; color: #000000; font-size: 20px;\">Analog output of the measuring value, outputs for out of range measurements and changing reels (i.e. to signal lamps)<\/span><\/li>\n<li style=\"text-align: justify;\"><span style=\"font-family: 'times new roman', times, serif; color: #000000; font-size: 20px;\">Signal input for calibration and moving measuring head<\/span><\/li>\n<\/ul>\n<p><img loading=\"lazy\" decoding=\"async\" class=\"aligncenter  wp-image-4140\" src=\"http:\/\/yourtech.vn\/wp-content\/uploads\/2020\/05\/su-dung-may-do-do-bong-mang-son-1.png\" alt=\"\" width=\"422\" height=\"433\" srcset=\"https:\/\/yourtech.vn\/wp-content\/uploads\/2020\/05\/su-dung-may-do-do-bong-mang-son-1.png 534w, https:\/\/yourtech.vn\/wp-content\/uploads\/2020\/05\/su-dung-may-do-do-bong-mang-son-1-510x523.png 510w\" sizes=\"auto, (max-width: 422px) 100vw, 422px\" \/><\/p>\n<h2 style=\"text-align: justify;\"><span style=\"font-family: 'times new roman', times, serif; color: #ff0000; font-size: 20px;\">Applications<\/span><\/h2>\n<ul>\n<li style=\"text-align: justify;\"><span style=\"font-family: 'times new roman', times, serif; color: #000000; font-size: 20px;\">Coatings, plastics and related materials. High gloss (20\u00b0), Medium gloss (60\u00b0), Low gloss (85\u00b0)<\/span><\/li>\n<li style=\"text-align: justify;\"><span style=\"font-family: 'times new roman', times, serif; color: #000000; font-size: 20px;\">Coatings, plastics and related materials. High gloss (20\u00b0), Medium gloss (60\u00b0)<\/span><\/li>\n<li style=\"text-align: justify;\"><span style=\"font-family: 'times new roman', times, serif; color: #000000; font-size: 20px;\">In-line production use<\/span><\/li>\n<\/ul>\n<p><img loading=\"lazy\" decoding=\"async\" class=\"aligncenter size-full wp-image-4134\" src=\"http:\/\/yourtech.vn\/wp-content\/uploads\/2020\/05\/ung-dung-may-do-do-bong-mang-son.png\" alt=\"\" width=\"461\" height=\"460\" srcset=\"https:\/\/yourtech.vn\/wp-content\/uploads\/2020\/05\/ung-dung-may-do-do-bong-mang-son.png 461w, https:\/\/yourtech.vn\/wp-content\/uploads\/2020\/05\/ung-dung-may-do-do-bong-mang-son-100x100.png 100w, https:\/\/yourtech.vn\/wp-content\/uploads\/2020\/05\/ung-dung-may-do-do-bong-mang-son-300x300.png 300w\" sizes=\"auto, (max-width: 461px) 100vw, 461px\" \/><\/p>\n<h2 style=\"text-align: justify;\"><span style=\"font-family: 'times new roman', times, serif; color: #ff0000; font-size: 20px;\">Features<\/span><\/h2>\n<table style=\"width: 830px;\">\n<tbody>\n<tr>\n<td style=\"width: 288.8px;\"><span style=\"font-family: 'times new roman', times, serif; color: #000000; font-size: 20px;\">PC Software<\/span><\/td>\n<td style=\"width: 526.4px;\">\n<p><span style=\"font-family: 'times new roman', times, serif; color: #000000; font-size: 20px;\">Data logging software<\/span><\/p>\n<\/td>\n<\/tr>\n<tr>\n<td style=\"width: 288.8px;\"><span style=\"font-family: 'times new roman', times, serif; color: #000000; font-size: 20px;\">Display<\/span><\/td>\n<td style=\"width: 526.4px;\">\n<p><span style=\"font-family: 'times new roman', times, serif; color: #000000; font-size: 20px;\">Connects to computer<\/span><\/p>\n<\/td>\n<\/tr>\n<tr>\n<td style=\"width: 288.8px;\"><span style=\"font-family: 'times new roman', times, serif; color: #000000; font-size: 20px;\">Memory<\/span><\/td>\n<td style=\"width: 526.4px;\">\n<p><span style=\"font-family: 'times new roman', times, serif; color: #000000; font-size: 20px;\">Connects to computer<\/span><\/p>\n<\/td>\n<\/tr>\n<tr>\n<td style=\"width: 288.8px;\"><span style=\"font-family: 'times new roman', times, serif; color: #000000; font-size: 20px;\">Measurement Modes<\/span><\/td>\n<td style=\"width: 526.4px;\">\n<p><span style=\"font-family: 'times new roman', times, serif; color: #000000; font-size: 20px;\">Sensor adaption V(\u03bb)<\/span><\/p>\n<\/td>\n<\/tr>\n<tr>\n<td style=\"width: 288.8px;\"><span style=\"font-family: 'times new roman', times, serif; color: #000000; font-size: 20px;\">Measuring Geometries<\/span><\/td>\n<td style=\"width: 526.4px;\">\n<ul>\n<li><span style=\"font-family: 'times new roman', times, serif; color: #000000; font-size: 20px;\">dual angle: 20\u00b0 and 60\u00b0<\/span><\/li>\n<li><span style=\"font-family: 'times new roman', times, serif; color: #000000; font-size: 20px;\">triple angle: 20\u00b0, 60\u00b0 and 85\u00b0<\/span><\/li>\n<\/ul>\n<\/td>\n<\/tr>\n<tr>\n<td style=\"width: 288.8px;\"><span style=\"font-family: 'times new roman', times, serif; color: #000000; font-size: 20px;\">Measuring Range<\/span><\/td>\n<td style=\"width: 526.4px;\">\n<p><span style=\"font-family: 'times new roman', times, serif; color: #000000; font-size: 20px;\">0 &#8211; 2\u2018000 GU<\/span><\/p>\n<\/td>\n<\/tr>\n<tr>\n<td style=\"width: 288.8px;\"><span style=\"font-family: 'times new roman', times, serif; color: #000000; font-size: 20px;\">Measuring Accuracy<\/span><\/td>\n<td style=\"width: 526.4px;\">\n<p><span style=\"font-family: 'times new roman', times, serif; color: #000000; font-size: 20px;\">0 &#8211; 1999 GU: \u22482 GU<\/span><\/p>\n<\/td>\n<\/tr>\n<tr>\n<td style=\"width: 288.8px;\"><span style=\"font-family: 'times new roman', times, serif; color: #000000; font-size: 20px;\">Reporting software<\/span><\/td>\n<td style=\"width: 526.4px;\">\n<p><span style=\"font-family: 'times new roman', times, serif; color: #000000; font-size: 20px;\">Data logging software<\/span><\/p>\n<\/td>\n<\/tr>\n<tr>\n<td style=\"width: 288.8px;\"><span style=\"font-family: 'times new roman', times, serif; color: #000000; font-size: 20px;\">Weight<\/span><\/td>\n<td style=\"width: 526.4px;\">\n<p><span style=\"font-family: 'times new roman', times, serif; color: #000000; font-size: 20px;\">20\u00b0\/60\u00b0: 4 kg (8.8 lbs)<\/span><\/p>\n<\/td>\n<\/tr>\n<tr>\n<td style=\"width: 288.8px;\"><span style=\"font-family: 'times new roman', times, serif; color: #000000; font-size: 20px;\">Battery<\/span><\/td>\n<td style=\"width: 526.4px;\">\n<p><span style=\"font-family: 'times new roman', times, serif; color: #000000; font-size: 20px;\">Requires power supply<\/span><\/p>\n<\/td>\n<\/tr>\n<\/tbody>\n<\/table>\n<p><img loading=\"lazy\" decoding=\"async\" class=\"aligncenter  wp-image-4141\" src=\"http:\/\/yourtech.vn\/wp-content\/uploads\/2020\/05\/thong-so-ky-thuat-may-do-do-bong-mang-son-1.png\" alt=\"\" width=\"435\" height=\"360\" srcset=\"https:\/\/yourtech.vn\/wp-content\/uploads\/2020\/05\/thong-so-ky-thuat-may-do-do-bong-mang-son-1.png 535w, https:\/\/yourtech.vn\/wp-content\/uploads\/2020\/05\/thong-so-ky-thuat-may-do-do-bong-mang-son-1-510x422.png 510w\" sizes=\"auto, (max-width: 435px) 100vw, 435px\" \/><\/p>\n<h2 style=\"text-align: justify;\"><span style=\"font-family: 'times new roman', times, serif; color: #ff0000; font-size: 20px;\">Standardization<\/span><\/h2>\n<ul>\n<li style=\"text-align: justify;\"><span style=\"font-family: 'times new roman', times, serif; color: #000000; font-size: 20px;\">ASTM D523<\/span><\/li>\n<li style=\"text-align: justify;\"><span style=\"font-family: 'times new roman', times, serif; color: #000000; font-size: 20px;\">ASTM D2457<\/span><\/li>\n<li style=\"text-align: justify;\"><span style=\"font-family: 'times new roman', times, serif; color: #000000; font-size: 20px;\">BS 3900-D6<\/span><\/li>\n<li style=\"text-align: justify;\"><span style=\"font-family: 'times new roman', times, serif; color: #000000; font-size: 20px;\">DIN 67520<\/span><\/li>\n<li style=\"text-align: justify;\"><span style=\"font-family: 'times new roman', times, serif; color: #000000; font-size: 20px;\">ISO 2813<\/span><\/li>\n<li style=\"text-align: justify;\"><span style=\"font-family: 'times new roman', times, serif; color: #000000; font-size: 20px;\">JIS Z 8741<\/span><\/li>\n<\/ul>\n<p><img loading=\"lazy\" decoding=\"async\" class=\"aligncenter  wp-image-4138\" src=\"http:\/\/yourtech.vn\/wp-content\/uploads\/2020\/05\/may-do-do-bong-mang-son-1-650x500.png\" alt=\"\" width=\"448\" height=\"344\" srcset=\"https:\/\/yourtech.vn\/wp-content\/uploads\/2020\/05\/may-do-do-bong-mang-son-1-650x500.png 650w, https:\/\/yourtech.vn\/wp-content\/uploads\/2020\/05\/may-do-do-bong-mang-son-1-510x392.png 510w, https:\/\/yourtech.vn\/wp-content\/uploads\/2020\/05\/may-do-do-bong-mang-son-1-768x591.png 768w, https:\/\/yourtech.vn\/wp-content\/uploads\/2020\/05\/may-do-do-bong-mang-son-1.png 910w\" sizes=\"auto, (max-width: 448px) 100vw, 448px\" \/><\/p>\n<h2><span style=\"font-family: 'times new roman', times, serif; color: #ff0000; font-size: 20px;\">Accessories<\/span><\/h2>\n<p><span style=\"font-family: 'times new roman', times, serif; color: #000000; font-size: 20px;\">Popular Accessories: <\/span><span style=\"font-family: 'times new roman', times, serif; color: #000000; font-size: 20px;\">Data logging software<\/span><\/p>\n<p><img loading=\"lazy\" decoding=\"async\" class=\"aligncenter size-medium wp-image-4136\" src=\"http:\/\/yourtech.vn\/wp-content\/uploads\/2020\/05\/huong-dan-su-dung-may-do-do-bong-mang-son-1-650x341.png\" alt=\"\" width=\"650\" height=\"341\" srcset=\"https:\/\/yourtech.vn\/wp-content\/uploads\/2020\/05\/huong-dan-su-dung-may-do-do-bong-mang-son-1-650x341.png 650w, https:\/\/yourtech.vn\/wp-content\/uploads\/2020\/05\/huong-dan-su-dung-may-do-do-bong-mang-son-1-510x267.png 510w, https:\/\/yourtech.vn\/wp-content\/uploads\/2020\/05\/huong-dan-su-dung-may-do-do-bong-mang-son-1-768x402.png 768w, https:\/\/yourtech.vn\/wp-content\/uploads\/2020\/05\/huong-dan-su-dung-may-do-do-bong-mang-son-1.png 916w\" sizes=\"auto, (max-width: 650px) 100vw, 650px\" \/><\/p>\n<h2><span style=\"font-size: 20px; color: #ff0000; font-family: 'times new roman', times, serif;\">Video Clip:<\/span><\/h2>\n<p><iframe loading=\"lazy\" src=\"\/\/www.youtube.com\/embed\/QAJiJbeOqKM?feature=youtu\" width=\"560\" height=\"314\" allowfullscreen=\"allowfullscreen\"><\/iframe><\/p>\n<p style=\"text-align: justify;\"><span style=\"font-family: 'times new roman', times, serif; font-size: 20px;\"><span style=\"font-family: 'times new roman', times, serif; font-size: 20px; color: #000000;\">Customers need more information and more advice please contact &#8211; Hotline (free consultation):<\/span> <\/span><a style=\"font-family: 'times new roman', times, serif; font-size: 20px;\" title=\"+84 90 33 44 140\" href=\"tel: +84 90 33 44 140\">+84 90 33 44 140<\/a><\/p>\n<p><img loading=\"lazy\" decoding=\"async\" class=\"aligncenter wp-image-4058 size-full\" src=\"http:\/\/yourtech.vn\/wp-content\/uploads\/2020\/05\/lienhe-yourtech-EN.png\" alt=\"C\u00f4ng ty Yourtech chuy\u00ean cung c\u1ea5p c\u00e1c lo\u1ea1i m\u00e1y m\u00f3c thi\u1ebft b\u1ecb c\u00f4ng nghi\u1ec7p v\u00e0 ph\u00f2ng th\u00ed nghi\u1ec7m\" width=\"964\" height=\"394\" srcset=\"https:\/\/yourtech.vn\/wp-content\/uploads\/2020\/05\/lienhe-yourtech-EN.png 964w, https:\/\/yourtech.vn\/wp-content\/uploads\/2020\/05\/lienhe-yourtech-EN-510x208.png 510w, https:\/\/yourtech.vn\/wp-content\/uploads\/2020\/05\/lienhe-yourtech-EN-650x266.png 650w, https:\/\/yourtech.vn\/wp-content\/uploads\/2020\/05\/lienhe-yourtech-EN-768x314.png 768w\" sizes=\"auto, (max-width: 964px) 100vw, 964px\" \/><\/p>\n<p>&nbsp;<\/p>\n","protected":false},"excerpt":{"rendered":"<p>Tailored Industrial Gloss Measuring System The Proceq (Zehntner) ZOL 1150 Online-Glossmeter is a tailored gloss-measuring system for industrial areas for contactless online measurement of all gloss ranges from matt to high gloss up to 2&#8217;000GU. Overview Up to 1\u2018000 readings per second with multi-angle measuring heads and automatic measuring distance correction Measurements on the lower&#8230;<\/p>\n","protected":false},"featured_media":4147,"comment_status":"open","ping_status":"closed","template":"","meta":{"_acf_changed":false},"product_brand":[],"product_cat":[],"product_tag":[610,611,780,781,782,783,784,785,786,787,788,789],"class_list":{"0":"post-4145","1":"product","2":"type-product","3":"status-publish","4":"has-post-thumbnail","6":"product_tag-thiet-bi-phong-thi-nghiem","7":"product_tag-thiet-bi-phong-lab","8":"product_tag-may-do-do-bong-mang-son-kho","9":"product_tag-may-do-do-bong-mang-son-uot","10":"product_tag-may-do-do-bong","11":"product_tag-may-do-do-bong-mang-son","12":"product_tag-may-do-do-bong-vat-lieu","13":"product_tag-thiet-bi-kiem-tra-do-bong","14":"product_tag-kiem-tra-do-bong","15":"product_tag-do-do-bong-mang-son","16":"product_tag-do-do-bong-mang-son-kho","17":"product_tag-do-do-bong-mang-son-uot","19":"first","20":"instock","21":"shipping-taxable","22":"product-type-simple"},"acf":[],"_links":{"self":[{"href":"https:\/\/yourtech.vn\/en\/wp-json\/wp\/v2\/product\/4145","targetHints":{"allow":["GET"]}}],"collection":[{"href":"https:\/\/yourtech.vn\/en\/wp-json\/wp\/v2\/product"}],"about":[{"href":"https:\/\/yourtech.vn\/en\/wp-json\/wp\/v2\/types\/product"}],"replies":[{"embeddable":true,"href":"https:\/\/yourtech.vn\/en\/wp-json\/wp\/v2\/comments?post=4145"}],"wp:featuredmedia":[{"embeddable":true,"href":"https:\/\/yourtech.vn\/en\/wp-json\/wp\/v2\/media\/4147"}],"wp:attachment":[{"href":"https:\/\/yourtech.vn\/en\/wp-json\/wp\/v2\/media?parent=4145"}],"wp:term":[{"taxonomy":"product_brand","embeddable":true,"href":"https:\/\/yourtech.vn\/en\/wp-json\/wp\/v2\/product_brand?post=4145"},{"taxonomy":"product_cat","embeddable":true,"href":"https:\/\/yourtech.vn\/en\/wp-json\/wp\/v2\/product_cat?post=4145"},{"taxonomy":"product_tag","embeddable":true,"href":"https:\/\/yourtech.vn\/en\/wp-json\/wp\/v2\/product_tag?post=4145"}],"curies":[{"name":"wp","href":"https:\/\/api.w.org\/{rel}","templated":true}]}}