{"id":4355,"date":"2020-06-04T17:24:53","date_gmt":"2020-06-04T10:24:53","guid":{"rendered":"http:\/\/yourtech.vn\/san-pham\/may-do-do-sang-be-mat-ky-thuat-so\/"},"modified":"2020-06-08T11:24:30","modified_gmt":"2020-06-08T04:24:30","slug":"inline-digital-glossmeter","status":"publish","type":"product","link":"https:\/\/yourtech.vn\/en\/san-pham\/inline-digital-glossmeter\/","title":{"rendered":"Inline digital glossmeter"},"content":{"rendered":"<h2 style=\"text-align: justify;\"><span style=\"color: #ff0000; font-family: 'times new roman', times, serif; font-size: 20px;\">Optical quality assurance of surfaces using gloss measuring technology in your production line <\/span><\/h2>\n<p style=\"text-align: justify;\"><span style=\"color: #000000; font-family: 'times new roman', times, serif; font-size: 20px;\">The appearance of your product&#8217;s surface\u2014no matter the material\u2014determines its attractiveness, influences its functionality and conveys its premium value by showcasing the quality of your operations to customers. As a result, surface gloss and haze are product attributes that are precisely specified and tightly controlled in production. <\/span><\/p>\n<p style=\"text-align: justify;\"><span style=\"color: #000000; font-family: 'times new roman', times, serif; font-size: 20px;\">Inline digital glossmeter by Proceq enables product manufacturers to monitor quality &#8211; automatically and continuously. The rugged, compact and ultra-fast probe packs Swiss Made optics and electronics, paired with sophisticated Stray Light Compensation algorithms and a rich set of features. Integrate the probe into your production line a get immediate quality data.<\/span><\/p>\n<h2><span style=\"font-family: 'times new roman', times, serif; font-size: 20px;\"><img loading=\"lazy\" decoding=\"async\" class=\"size-medium wp-image-4352 aligncenter\" src=\"http:\/\/yourtech.vn\/wp-content\/uploads\/2020\/06\/ung-dung-may-do-do-sang-ky-thuat-so-650x388.png\" alt=\"M\u00e1y ki\u1ec3m tra \u0111\u1ed9 b\u00f3ng b\u1ec1 m\u1eb7t k\u1ef9 thu\u1eadt s\u1ed1\" width=\"650\" height=\"388\" srcset=\"https:\/\/yourtech.vn\/wp-content\/uploads\/2020\/06\/ung-dung-may-do-do-sang-ky-thuat-so-650x388.png 650w, https:\/\/yourtech.vn\/wp-content\/uploads\/2020\/06\/ung-dung-may-do-do-sang-ky-thuat-so-510x304.png 510w, https:\/\/yourtech.vn\/wp-content\/uploads\/2020\/06\/ung-dung-may-do-do-sang-ky-thuat-so-768x458.png 768w, https:\/\/yourtech.vn\/wp-content\/uploads\/2020\/06\/ung-dung-may-do-do-sang-ky-thuat-so.png 966w\" sizes=\"auto, (max-width: 650px) 100vw, 650px\" \/><\/span><\/h2>\n<h2 style=\"text-align: justify;\"><span style=\"color: #ff0000; font-family: 'times new roman', times, serif; font-size: 20px;\">A versatile probe for easy integration<\/span><\/h2>\n<p style=\"text-align: justify;\"><span style=\"color: #000000; font-family: 'times new roman', times, serif; font-size: 20px;\">Inline digital glossmeter probe has been designed from the ground up to bring comfort to gloss testing processes, no matter the surface being tested or the environment it is tested in.<\/span><\/p>\n<p style=\"text-align: justify;\"><span style=\"color: #000000; font-family: 'times new roman', times, serif; font-size: 20px;\">The brushed-aluminum casing features convenient mounting holes for easy attachment to your production equipment (e.g. robot arm). The built-in targeting laser can be used together with the side-view of the measuring spot to make positioning accurate.<\/span><\/p>\n<p style=\"text-align: justify;\"><span style=\"color: #000000; font-family: 'times new roman', times, serif; font-size: 20px;\">An easy to use serial protocol allows a fast integration into your production system. The ASCII string-based protocol gives you full control over the instrument. Configuration, calibration, and measurements can be fully controlled by command strings.<\/span><\/p>\n<h2 style=\"text-align: justify;\"><span style=\"color: #ff0000; font-family: 'times new roman', times, serif; font-size: 20px;\">Optical technology with intelligent algorithms<\/span><\/h2>\n<p style=\"text-align: justify;\"><span style=\"color: #000000; font-family: 'times new roman', times, serif; font-size: 20px;\">Despite its compact size, the<strong><em> Inline digital glossmeter<\/em><\/strong> probe features a standards-compliant two-angle geometry for measuring high-gloss and mid-gloss surfaces at 20\u00b0 and 60\u00b0 of light incidence with high accuracy and repeatability. This also makes it possible to measure unwanted haze, i.e. the degree of reflection from inside a highly-reflective coating.<\/span><\/p>\n<p style=\"text-align: justify;\"><span style=\"color: #000000; font-family: 'times new roman', times, serif; font-size: 20px;\">Traditional glossmeters have long suffered from measurement inaccuracies that are caused by stray light from natural or artificial light sources \u2013 such as from the sun or the subtle strobe effect of overhead halogen lights. However, the <em><span style=\"text-decoration: underline;\"><strong>Inline digital glossmeter<\/strong> <\/span><\/em>features Stray Light Compensation &#8211; intelligent algorithms monitor the environment for stray light and utilize this information to exclude deviations, so that you can measure with high accuracy and peace of mind &#8211; anywhere, anytime.<\/span><\/p>\n<p><img loading=\"lazy\" decoding=\"async\" class=\"wp-image-4350 aligncenter\" src=\"http:\/\/yourtech.vn\/wp-content\/uploads\/2020\/06\/may-do-do-sang-ky-thuat-so-640x650.png\" alt=\"M\u00e1y ki\u1ec3m tra \u0111\u1ed9 b\u00f3ng b\u1ec1 m\u1eb7t k\u1ef9 thu\u1eadt s\u1ed1\" width=\"363\" height=\"369\" srcset=\"https:\/\/yourtech.vn\/wp-content\/uploads\/2020\/06\/may-do-do-sang-ky-thuat-so-640x650.png 640w, https:\/\/yourtech.vn\/wp-content\/uploads\/2020\/06\/may-do-do-sang-ky-thuat-so-510x518.png 510w, https:\/\/yourtech.vn\/wp-content\/uploads\/2020\/06\/may-do-do-sang-ky-thuat-so.png 654w\" sizes=\"auto, (max-width: 363px) 100vw, 363px\" \/><\/p>\n<h2 style=\"text-align: justify;\"><span style=\"color: #ff0000; font-family: 'times new roman', times, serif; font-size: 20px;\">Reduce your testing time &#8211; not the number of tests <\/span><\/h2>\n<p style=\"text-align: justify;\"><span style=\"color: #000000; font-family: 'times new roman', times, serif; font-size: 20px;\">With up to 20 measurements per second the Inline digital glossmeter is the fastest glossmeter in the industry. <\/span><\/p>\n<p style=\"text-align: justify;\"><span style=\"color: #000000; font-family: 'times new roman', times, serif; font-size: 20px;\">In an automatic setup this allows you to reduce your testing cost by shorter testing times &#8211; while not reducing the number of tests.<\/span><\/p>\n<h2 style=\"text-align: justify;\"><span style=\"color: #ff0000; font-size: 20px; font-family: 'times new roman', times, serif;\">Overview &#8211; Your Benefits <\/span><\/h2>\n<ul>\n<li style=\"text-align: justify;\"><span style=\"color: #000000; font-size: 20px; font-family: 'times new roman', times, serif;\">Superior accuracy thanks to Swiss Made optics, electronics and algorithms<\/span><\/li>\n<li style=\"text-align: justify;\"><span style=\"color: #000000; font-size: 20px; font-family: 'times new roman', times, serif;\">Easy to integrate due to a well documented interface<\/span><\/li>\n<li style=\"text-align: justify;\"><span style=\"color: #000000; font-size: 20px; font-family: 'times new roman', times, serif;\">Unmatched productivity thanks to fast measurement time<\/span><\/li>\n<li style=\"text-align: justify;\"><span style=\"color: #000000; font-size: 20px; font-family: 'times new roman', times, serif;\">Measuring Resolution: 0.1 GU<\/span><\/li>\n<\/ul>\n<p><img loading=\"lazy\" decoding=\"async\" class=\"wp-image-4351 aligncenter\" src=\"http:\/\/yourtech.vn\/wp-content\/uploads\/2020\/06\/su-dung-may-do-do-bong-ky-thuat-so-650x536.png\" alt=\"M\u00e1y ki\u1ec3m tra \u0111\u1ed9 b\u00f3ng b\u1ec1 m\u1eb7t k\u1ef9 thu\u1eadt s\u1ed1\" width=\"481\" height=\"397\" srcset=\"https:\/\/yourtech.vn\/wp-content\/uploads\/2020\/06\/su-dung-may-do-do-bong-ky-thuat-so-650x536.png 650w, https:\/\/yourtech.vn\/wp-content\/uploads\/2020\/06\/su-dung-may-do-do-bong-ky-thuat-so-510x421.png 510w, https:\/\/yourtech.vn\/wp-content\/uploads\/2020\/06\/su-dung-may-do-do-bong-ky-thuat-so.png 727w\" sizes=\"auto, (max-width: 481px) 100vw, 481px\" \/><\/p>\n<h2><span style=\"color: #ff0000; font-size: 20px; font-family: 'times new roman', times, serif;\">Applications <\/span><\/h2>\n<ul>\n<li><span style=\"color: #000000; font-size: 20px; font-family: 'times new roman', times, serif;\">Coatings, plastics and related materials. High gloss (20\u00b0), Medium gloss (60\u00b0)<\/span><\/li>\n<li><span style=\"color: #000000; font-size: 20px; font-family: 'times new roman', times, serif;\">Calculation of reflection haze H in accordance with ASTM D4039 <\/span><\/li>\n<li><span style=\"color: #000000; font-size: 20px; font-family: 'times new roman', times, serif;\">In-line production use<\/span><\/li>\n<\/ul>\n<h2><span style=\"color: #ff0000; font-family: 'times new roman', times, serif; font-size: 20px;\">Standardization <\/span><\/h2>\n<ul>\n<li><span style=\"font-family: 'times new roman', times, serif; font-size: 20px;\">ASTM D523 <\/span><\/li>\n<li><span style=\"color: #000000; font-family: 'times new roman', times, serif; font-size: 20px;\">ASTM D2457 <\/span><\/li>\n<li><span style=\"color: #000000; font-family: 'times new roman', times, serif; font-size: 20px;\">BS 3900-D6 <\/span><\/li>\n<li><span style=\"color: #000000; font-family: 'times new roman', times, serif; font-size: 20px;\">ISO 2813 <\/span><\/li>\n<li><span style=\"color: #000000; font-family: 'times new roman', times, serif; font-size: 20px;\">GB\/T 9754-2007 <\/span><\/li>\n<li><span style=\"color: #000000; font-family: 'times new roman', times, serif; font-size: 20px;\">JIS Z 8741<\/span><\/li>\n<\/ul>\n<p><img loading=\"lazy\" decoding=\"async\" class=\"size-medium wp-image-4288 aligncenter\" src=\"http:\/\/yourtech.vn\/wp-content\/uploads\/2020\/05\/tiue-chuan-chat-luong-may-do-do-bong-650x328.png\" alt=\"M\u00e1y \u0111o \u0111\u1ed9 b\u00f3ng k\u1ef9 thu\u1eadt s\u1ed1 di \u0111\u1ed9ng\" width=\"650\" height=\"328\" srcset=\"https:\/\/yourtech.vn\/wp-content\/uploads\/2020\/05\/tiue-chuan-chat-luong-may-do-do-bong-650x328.png 650w, https:\/\/yourtech.vn\/wp-content\/uploads\/2020\/05\/tiue-chuan-chat-luong-may-do-do-bong-510x258.png 510w, https:\/\/yourtech.vn\/wp-content\/uploads\/2020\/05\/tiue-chuan-chat-luong-may-do-do-bong-768x388.png 768w, https:\/\/yourtech.vn\/wp-content\/uploads\/2020\/05\/tiue-chuan-chat-luong-may-do-do-bong.png 917w\" sizes=\"auto, (max-width: 650px) 100vw, 650px\" \/><\/p>\n<h2><span style=\"color: #ff0000; font-family: 'times new roman', times, serif; font-size: 20px;\">Features:<\/span><\/h2>\n<div>\n<table style=\"width: 92.9153%;\">\n<tbody>\n<tr>\n<td style=\"width: 23.6399%; text-align: justify;\"><strong><span style=\"font-family: 'times new roman', times, serif; font-size: 20px; color: #000000;\">PC Software<\/span><\/strong><\/td>\n<td style=\"width: 86.0924%; text-align: justify;\">\n<p><span style=\"font-family: 'times new roman', times, serif; font-size: 20px; color: #000000;\">Application Programming Interface (API) for easy integration<\/span><\/p>\n<\/td>\n<\/tr>\n<tr>\n<td style=\"width: 23.6399%; text-align: justify;\"><strong><span style=\"font-family: 'times new roman', times, serif; font-size: 20px; color: #000000;\">Connections<\/span><\/strong><\/td>\n<td style=\"width: 86.0924%; text-align: justify;\">\n<p><span style=\"font-family: 'times new roman', times, serif; font-size: 20px; color: #000000;\">USB and RS232<\/span><\/p>\n<\/td>\n<\/tr>\n<tr>\n<td style=\"width: 23.6399%; text-align: justify;\"><strong><span style=\"font-family: 'times new roman', times, serif; font-size: 20px; color: #000000;\">Measurements<\/span><\/strong><\/td>\n<td style=\"width: 86.0924%; text-align: justify;\">\n<ul>\n<li><span style=\"font-family: 'times new roman', times, serif; font-size: 20px; color: #000000;\">Contact measurements: with mounted nose<\/span><\/li>\n<li><span style=\"font-family: 'times new roman', times, serif; font-size: 20px; color: #000000;\">Contactless measurements: without nose having measuring distance of 5 mm \/ 0.2 in<\/span><\/li>\n<\/ul>\n<\/td>\n<\/tr>\n<tr>\n<td style=\"width: 23.6399%; text-align: justify;\"><strong><span style=\"font-family: 'times new roman', times, serif; font-size: 20px; color: #000000;\">Measurement Modes<\/span><\/strong><\/td>\n<td style=\"width: 86.0924%; text-align: justify;\">\n<ul>\n<li><span style=\"font-family: 'times new roman', times, serif; font-size: 20px; color: #000000;\">Single<\/span><\/li>\n<li><span style=\"font-family: 'times new roman', times, serif; font-size: 20px; color: #000000;\">Continuous<\/span><\/li>\n<li><span style=\"font-family: 'times new roman', times, serif; font-size: 20px; color: #000000;\">Scan<\/span><\/li>\n<\/ul>\n<\/td>\n<\/tr>\n<tr>\n<td style=\"width: 23.6399%; text-align: justify;\"><strong><span style=\"font-family: 'times new roman', times, serif; font-size: 20px; color: #000000;\">Measuring Area<\/span><\/strong><\/td>\n<td style=\"width: 86.0924%; text-align: justify;\">\n<ul>\n<li><span style=\"font-family: 'times new roman', times, serif; font-size: 20px; color: #000000;\">20\u00b0: 3.5 mm \/ 0.14 in<\/span><\/li>\n<li><span style=\"font-family: 'times new roman', times, serif; font-size: 20px; color: #000000;\">60\u00b0: 3.8 x 6.5 mm \/ 0.15 x 0.26 in<\/span><\/li>\n<\/ul>\n<\/td>\n<\/tr>\n<tr>\n<td style=\"width: 23.6399%; text-align: justify;\"><strong><span style=\"font-family: 'times new roman', times, serif; font-size: 20px; color: #000000;\">Measuring Geometries<\/span><\/strong><\/td>\n<td style=\"width: 86.0924%; text-align: justify;\">\n<p><span style=\"font-family: 'times new roman', times, serif; font-size: 20px; color: #000000;\">20\u00b0 (high-gloss), 60\u00b0 (mid-gloss) and Haze<\/span><\/p>\n<\/td>\n<\/tr>\n<tr>\n<td style=\"width: 23.6399%; text-align: justify;\"><strong><span style=\"font-family: 'times new roman', times, serif; font-size: 20px; color: #000000;\">Measuring Range<\/span><\/strong><\/td>\n<td style=\"width: 86.0924%; text-align: justify;\">\n<ul>\n<li><span style=\"font-family: 'times new roman', times, serif; font-size: 20px; color: #000000;\">20\u00b0: 0 \u2013 2\u2019000 GU<\/span><\/li>\n<li><span style=\"font-family: 'times new roman', times, serif; font-size: 20px; color: #000000;\">60\u00b0: 0 \u2013 1\u2019000 GU<\/span><\/li>\n<li><span style=\"font-family: 'times new roman', times, serif; font-size: 20px; color: #000000;\">H : 0 \u2013 1\u2019000 HU<\/span><\/li>\n<\/ul>\n<\/td>\n<\/tr>\n<tr>\n<td style=\"width: 23.6399%; text-align: justify;\"><strong><span style=\"font-family: 'times new roman', times, serif; font-size: 20px; color: #000000;\">Measuring Accuracy<\/span><\/strong><\/td>\n<td style=\"width: 86.0924%; text-align: justify;\">\n<p><span style=\"font-family: 'times new roman', times, serif; font-size: 20px; color: #000000;\">0 &#8211; 199.9 GU: \u00b1 0.1GU 200 &#8211; 2\u2018000 GU: \u00b1 0.1 %<\/span><\/p>\n<\/td>\n<\/tr>\n<tr>\n<td style=\"width: 23.6399%; text-align: justify;\"><strong><span style=\"font-family: 'times new roman', times, serif; font-size: 20px; color: #000000;\">Weight<\/span><\/strong><\/td>\n<td style=\"width: 86.0924%; text-align: justify;\">\n<p><span style=\"font-family: 'times new roman', times, serif; font-size: 20px; color: #000000;\">ca. 150 g \/ 5.3 oz<\/span><\/p>\n<\/td>\n<\/tr>\n<tr>\n<td style=\"width: 23.6399%; text-align: justify;\"><strong><span style=\"font-family: 'times new roman', times, serif; font-size: 20px; color: #000000;\">Operating Temperature<\/span><\/strong><\/td>\n<td style=\"width: 86.0924%; text-align: justify;\">\n<p><span style=\"font-family: 'times new roman', times, serif; font-size: 20px; color: #000000;\">0 to 40\u00b0C (32 to 104\u00b0F), &lt;95% RH, non-condensing<\/span><\/p>\n<\/td>\n<\/tr>\n<tr>\n<td style=\"width: 23.6399%; text-align: justify;\"><strong><span style=\"font-family: 'times new roman', times, serif; font-size: 20px; color: #000000;\">Special Features<\/span><\/strong><\/td>\n<td style=\"width: 86.0924%; text-align: justify;\">\n<ul>\n<li><span style=\"font-family: 'times new roman', times, serif; font-size: 20px; color: #000000;\">Protocol: Synchronous ASCII protocol<\/span><\/li>\n<li><span style=\"font-family: 'times new roman', times, serif; font-size: 20px; color: #000000;\">Protocol features: Single and continuous measurement mode<\/span><\/li>\n<li><span style=\"font-family: 'times new roman', times, serif; font-size: 20px; color: #000000;\">Scan mode<\/span><\/li>\n<li><span style=\"font-family: 'times new roman', times, serif; font-size: 20px; color: #000000;\">Configuration, calibration and control<\/span><\/li>\n<li><span style=\"font-family: 'times new roman', times, serif; font-size: 20px; color: #000000;\">Stray Light Compensation<\/span><\/li>\n<li><span style=\"font-family: 'times new roman', times, serif; font-size: 20px; color: #000000;\">Temperature Compensation<\/span><\/li>\n<li><span style=\"font-family: 'times new roman', times, serif; font-size: 20px; color: #000000;\">Positioning laser<\/span><\/li>\n<li><span style=\"font-family: 'times new roman', times, serif; font-size: 20px; color: #000000;\">Viewing window<\/span><\/li>\n<\/ul>\n<\/td>\n<\/tr>\n<\/tbody>\n<\/table>\n<\/div>\n<p><img loading=\"lazy\" decoding=\"async\" class=\"wp-image-4349 aligncenter\" src=\"http:\/\/yourtech.vn\/wp-content\/uploads\/2020\/06\/dac-diem-may-do-do-sang-ky-thuat-so-650x411.png\" alt=\"M\u00e1y ki\u1ec3m tra \u0111\u1ed9 b\u00f3ng b\u1ec1 m\u1eb7t k\u1ef9 thu\u1eadt s\u1ed1\" width=\"509\" height=\"322\" srcset=\"https:\/\/yourtech.vn\/wp-content\/uploads\/2020\/06\/dac-diem-may-do-do-sang-ky-thuat-so-650x411.png 650w, https:\/\/yourtech.vn\/wp-content\/uploads\/2020\/06\/dac-diem-may-do-do-sang-ky-thuat-so-510x323.png 510w, https:\/\/yourtech.vn\/wp-content\/uploads\/2020\/06\/dac-diem-may-do-do-sang-ky-thuat-so-768x486.png 768w, https:\/\/yourtech.vn\/wp-content\/uploads\/2020\/06\/dac-diem-may-do-do-sang-ky-thuat-so.png 947w\" sizes=\"auto, (max-width: 509px) 100vw, 509px\" \/><\/p>\n<p style=\"text-align: justify;\"><span style=\"font-size: 20px; font-family: 'times new roman', times, serif;\"><span style=\"color: #000000;\">\u00a0<\/span> Customers need more information and more advice please contact &#8211; Hotline (free consultation): <a title=\"+84 90 33 44 140\" href=\"tel: +84 90 33 44 140\">+84 90 33 44 140<\/a><\/span><\/p>\n<p><img loading=\"lazy\" decoding=\"async\" class=\"aligncenter wp-image-4058 size-full\" src=\"http:\/\/yourtech.vn\/wp-content\/uploads\/2020\/05\/lienhe-yourtech-EN.png\" alt=\"C\u00f4ng ty Yourtech chuy\u00ean cung c\u1ea5p c\u00e1c lo\u1ea1i m\u00e1y m\u00f3c thi\u1ebft b\u1ecb c\u00f4ng nghi\u1ec7p v\u00e0 ph\u00f2ng th\u00ed nghi\u1ec7m\" width=\"964\" height=\"394\" srcset=\"https:\/\/yourtech.vn\/wp-content\/uploads\/2020\/05\/lienhe-yourtech-EN.png 964w, https:\/\/yourtech.vn\/wp-content\/uploads\/2020\/05\/lienhe-yourtech-EN-510x208.png 510w, https:\/\/yourtech.vn\/wp-content\/uploads\/2020\/05\/lienhe-yourtech-EN-650x266.png 650w, https:\/\/yourtech.vn\/wp-content\/uploads\/2020\/05\/lienhe-yourtech-EN-768x314.png 768w\" sizes=\"auto, (max-width: 964px) 100vw, 964px\" \/><\/p>\n<p>&nbsp;<\/p>\n","protected":false},"excerpt":{"rendered":"<p>Optical quality assurance of surfaces using gloss measuring technology in your production line The appearance of your product&#8217;s surface\u2014no matter the material\u2014determines its attractiveness, influences its functionality and conveys its premium value by showcasing the quality of your operations to customers. As a result, surface gloss and haze are product attributes that are precisely specified&#8230;<\/p>\n","protected":false},"featured_media":4357,"comment_status":"open","ping_status":"closed","template":"","meta":{"_acf_changed":false},"product_brand":[],"product_cat":[],"product_tag":[610,611,914,915,916,917,918,919,920,921,922,923,924,925],"class_list":{"0":"post-4355","1":"product","2":"type-product","3":"status-publish","4":"has-post-thumbnail","6":"product_tag-thiet-bi-phong-thi-nghiem","7":"product_tag-thiet-bi-phong-lab","8":"product_tag-may-do-do-sang-mang-son","9":"product_tag-mua-may-do-do-sang-be-mat","10":"product_tag-may-do-do-sang-be-mat","11":"product_tag-may-do-do-sang-vat-lieu","12":"product_tag-do-do-sang-mang-son","13":"product_tag-may-do-do-sang","14":"product_tag-thiet-bi-do-do-sang-mang-son","15":"product_tag-thiet-bi-do-do-sang-be-mat","16":"product_tag-thiet-bi-do-do-sang-vat-lieu","17":"product_tag-kiem-tra-do-sang-mang-son","18":"product_tag-thiet-bi-kiem-tra-do-sang-vat-lieu","19":"product_tag-thiet-bi-kiem-tra-do-sang-be-mat","21":"first","22":"instock","23":"shipping-taxable","24":"product-type-simple"},"acf":[],"_links":{"self":[{"href":"https:\/\/yourtech.vn\/en\/wp-json\/wp\/v2\/product\/4355","targetHints":{"allow":["GET"]}}],"collection":[{"href":"https:\/\/yourtech.vn\/en\/wp-json\/wp\/v2\/product"}],"about":[{"href":"https:\/\/yourtech.vn\/en\/wp-json\/wp\/v2\/types\/product"}],"replies":[{"embeddable":true,"href":"https:\/\/yourtech.vn\/en\/wp-json\/wp\/v2\/comments?post=4355"}],"wp:featuredmedia":[{"embeddable":true,"href":"https:\/\/yourtech.vn\/en\/wp-json\/wp\/v2\/media\/4357"}],"wp:attachment":[{"href":"https:\/\/yourtech.vn\/en\/wp-json\/wp\/v2\/media?parent=4355"}],"wp:term":[{"taxonomy":"product_brand","embeddable":true,"href":"https:\/\/yourtech.vn\/en\/wp-json\/wp\/v2\/product_brand?post=4355"},{"taxonomy":"product_cat","embeddable":true,"href":"https:\/\/yourtech.vn\/en\/wp-json\/wp\/v2\/product_cat?post=4355"},{"taxonomy":"product_tag","embeddable":true,"href":"https:\/\/yourtech.vn\/en\/wp-json\/wp\/v2\/product_tag?post=4355"}],"curies":[{"name":"wp","href":"https:\/\/api.w.org\/{rel}","templated":true}]}}