{"id":4363,"date":"2020-06-04T12:55:30","date_gmt":"2020-06-04T05:55:30","guid":{"rendered":"http:\/\/yourtech.vn\/san-pham\/may-do-do-phan-quang-son-vach-ke-duong-rl-qd\/"},"modified":"2020-06-10T15:27:04","modified_gmt":"2020-06-10T08:27:04","slug":"retroreflectometer-rl-qd","status":"publish","type":"product","link":"https:\/\/yourtech.vn\/en\/san-pham\/retroreflectometer-rl-qd\/","title":{"rendered":"Retroreflectometer RL\/Qd"},"content":{"rendered":"<h2 style=\"text-align: justify;\"><span style=\"color: #ff0000; font-family: 'times new roman', times, serif; font-size: 20px;\">An Entry Level and Easy to Use Retroreflectometer <\/span><\/h2>\n<p style=\"text-align: justify;\"><span style=\"font-family: 'times new roman', times, serif; font-size: 20px;\">The Retroreflectometer c<span style=\"color: #000000;\">an measure both night visibility (RL) and day visibility (Qd) with the touch of a button. This budget friendly retroreflectometer focuses on the core functions to keep the Retroreflectometer simple. This ultrafast retroreflectometer takes measurements in about 2 seconds and can be used on all types of road and airport markings. The transflective luminous graphical display allows for excellent visibility under all lighting conditions, including bright sunlight.<\/span><\/span><\/p>\n<p><span style=\"font-family: 'times new roman', times, serif; font-size: 20px;\"><img loading=\"lazy\" decoding=\"async\" class=\"wp-image-4367 aligncenter\" src=\"http:\/\/yourtech.vn\/wp-content\/uploads\/2020\/06\/may-do-phan-quang-vach-son-ke-duong.png\" alt=\"M\u00e1y \u0111o \u0111\u1ed9 ph\u1ea3n quang s\u01a1n v\u1ea1ch k\u1ebb \u0111\u01b0\u1eddng\" width=\"479\" height=\"348\" srcset=\"https:\/\/yourtech.vn\/wp-content\/uploads\/2020\/06\/may-do-phan-quang-vach-son-ke-duong.png 599w, https:\/\/yourtech.vn\/wp-content\/uploads\/2020\/06\/may-do-phan-quang-vach-son-ke-duong-510x370.png 510w\" sizes=\"auto, (max-width: 479px) 100vw, 479px\" \/><\/span><\/p>\n<h2><span style=\"color: #ff0000; font-family: 'times new roman', times, serif; font-size: 20px;\">Overview<\/span><\/h2>\n<ul>\n<li style=\"text-align: justify;\"><span style=\"font-family: 'times new roman', times, serif; font-size: 20px;\">One button operation<\/span><\/li>\n<li style=\"text-align: justify;\"><span style=\"font-family: 'times new roman', times, serif; font-size: 20px;\">Factory calibration is traceable to the Swiss Federal Institute of Metrology<\/span><\/li>\n<li style=\"text-align: justify;\"><span style=\"font-family: 'times new roman', times, serif; font-size: 20px;\">Ultrafast retroreflection measurement (RL and Qd) in about 2 seconds<\/span><\/li>\n<li style=\"text-align: justify;\"><span style=\"font-family: 'times new roman', times, serif; font-size: 20px;\">Budget priced, entry level<\/span><\/li>\n<li style=\"text-align: justify;\"><span style=\"font-family: 'times new roman', times, serif; font-size: 20px;\">Use in dry or wet condition at any time of day or night on the road or in the laboratory<\/span><\/li>\n<li style=\"text-align: justify;\"><span style=\"font-family: 'times new roman', times, serif; font-size: 20px;\">Profiled markings up to 12 mm can be measured<\/span><\/li>\n<\/ul>\n<p><span style=\"font-family: 'times new roman', times, serif; font-size: 20px;\"><img loading=\"lazy\" decoding=\"async\" class=\"wp-image-4339 aligncenter\" src=\"http:\/\/yourtech.vn\/wp-content\/uploads\/2020\/06\/su-dung-may-do-do-phan-quang-vach-son-ke-duong.png\" alt=\"M\u00e1y \u0111o \u0111\u1ed9 ph\u1ea3n quang s\u01a1n v\u1ea1ch k\u1ebb \u0111\u01b0\u1eddng\" width=\"397\" height=\"421\" srcset=\"https:\/\/yourtech.vn\/wp-content\/uploads\/2020\/06\/su-dung-may-do-do-phan-quang-vach-son-ke-duong.png 515w, https:\/\/yourtech.vn\/wp-content\/uploads\/2020\/06\/su-dung-may-do-do-phan-quang-vach-son-ke-duong-510x541.png 510w\" sizes=\"auto, (max-width: 397px) 100vw, 397px\" \/><\/span><\/p>\n<h2><span style=\"color: #ff0000; font-family: 'times new roman', times, serif; font-size: 20px;\">Applications<\/span><\/h2>\n<ul>\n<li style=\"text-align: justify;\"><span style=\"font-family: 'times new roman', times, serif; font-size: 20px;\">Determination of night visibility (RL) of road and airport markings<\/span><\/li>\n<li style=\"text-align: justify;\"><span style=\"font-family: 'times new roman', times, serif; font-size: 20px;\">Determination of day visibility (Qd) of road and airport markings<\/span><\/li>\n<li style=\"text-align: justify;\"><span style=\"font-family: 'times new roman', times, serif; font-size: 20px;\">Use on all types of road and airport markings<\/span><\/li>\n<li style=\"text-align: justify;\"><span style=\"font-family: 'times new roman', times, serif; font-size: 20px;\">Field and laboratory use<\/span><\/li>\n<li style=\"text-align: justify;\"><span style=\"font-family: 'times new roman', times, serif; font-size: 20px;\">Quality assessment<\/span><\/li>\n<\/ul>\n<p><span style=\"font-family: 'times new roman', times, serif; font-size: 20px;\"><img loading=\"lazy\" decoding=\"async\" class=\"wp-image-4341 aligncenter\" src=\"http:\/\/yourtech.vn\/wp-content\/uploads\/2020\/06\/ung-dung-may-do-do-phan-quang-vach-son-ke-duong-650x408.png\" alt=\"M\u00e1y \u0111o \u0111\u1ed9 ph\u1ea3n quang s\u01a1n v\u1ea1ch k\u1ebb \u0111\u01b0\u1eddng\" width=\"483\" height=\"303\" srcset=\"https:\/\/yourtech.vn\/wp-content\/uploads\/2020\/06\/ung-dung-may-do-do-phan-quang-vach-son-ke-duong-650x408.png 650w, https:\/\/yourtech.vn\/wp-content\/uploads\/2020\/06\/ung-dung-may-do-do-phan-quang-vach-son-ke-duong-510x320.png 510w, https:\/\/yourtech.vn\/wp-content\/uploads\/2020\/06\/ung-dung-may-do-do-phan-quang-vach-son-ke-duong-768x482.png 768w, https:\/\/yourtech.vn\/wp-content\/uploads\/2020\/06\/ung-dung-may-do-do-phan-quang-vach-son-ke-duong.png 944w\" sizes=\"auto, (max-width: 483px) 100vw, 483px\" \/><\/span><\/p>\n<h2><span style=\"color: #ff0000; font-size: 20px; font-family: 'times new roman', times, serif;\">Features:<\/span><\/h2>\n<div>\n<table style=\"width: 81.9065%;\">\n<tbody>\n<tr>\n<td style=\"width: 30.1805%;\"><span style=\"font-family: 'times new roman', times, serif; font-size: 20px;\">Display<\/span><\/td>\n<td style=\"width: 109.325%;\">\n<p><span style=\"font-family: 'times new roman', times, serif; font-size: 20px;\">Transflective luminous LCD display with LED backlight<\/span><\/p>\n<\/td>\n<\/tr>\n<tr>\n<td style=\"width: 30.1805%;\"><span style=\"font-family: 'times new roman', times, serif; font-size: 20px;\">Memory<\/span><\/td>\n<td style=\"width: 109.325%;\">\n<p><span style=\"font-family: 'times new roman', times, serif; font-size: 20px;\">None<\/span><\/p>\n<\/td>\n<\/tr>\n<tr>\n<td style=\"width: 30.1805%;\"><span style=\"font-family: 'times new roman', times, serif; font-size: 20px;\">Measurement Modes<\/span><\/td>\n<td style=\"width: 109.325%;\">\n<ul>\n<li><span style=\"font-family: 'times new roman', times, serif; font-size: 20px;\">R<sub>\u00a0L\u00a0<\/sub>dry (night visibility)<\/span><\/li>\n<li><span style=\"font-family: 'times new roman', times, serif; font-size: 20px;\">R<sub>\u00a0L\u00a0<\/sub>wet (night visibility)<\/span><\/li>\n<li><span style=\"font-family: 'times new roman', times, serif; font-size: 20px;\">Qd (day visibility)<\/span><\/li>\n<li><span style=\"font-family: 'times new roman', times, serif; font-size: 20px;\">\u00b0C\/\u00b0F (ambient temperature)<\/span><\/li>\n<li><span style=\"font-family: 'times new roman', times, serif; font-size: 20px;\">rH % (relative humidity)<\/span><\/li>\n<\/ul>\n<\/td>\n<\/tr>\n<tr>\n<td style=\"width: 30.1805%;\"><span style=\"font-family: 'times new roman', times, serif; font-size: 20px;\">Measuring Area<\/span><\/td>\n<td style=\"width: 109.325%;\">\n<p><span style=\"font-family: 'times new roman', times, serif; font-size: 20px;\">(WxL): 52mm x 218mm (2.05&#8243; x 8.6&#8243;)<\/span><\/p>\n<\/td>\n<\/tr>\n<tr>\n<td style=\"width: 30.1805%;\"><span style=\"font-family: 'times new roman', times, serif; font-size: 20px;\">Measuring Range<\/span><\/td>\n<td style=\"width: 109.325%;\">\n<ul>\n<li><span style=\"font-family: 'times new roman', times, serif; font-size: 20px;\">R<sub>L<\/sub>: 0 &#8211; 4\u2019000 mcd\u2022m<sup>-2<\/sup>\u2022lx<sup>-1<\/sup><\/span><\/li>\n<li><span style=\"font-family: 'times new roman', times, serif; font-size: 20px;\">Qd: 0 &#8211; 400 mcd\u2022m<sup>-2<\/sup>\u2022lx<sup>-1<\/sup><\/span><\/li>\n<\/ul>\n<\/td>\n<\/tr>\n<tr>\n<td style=\"width: 30.1805%;\"><span style=\"font-family: 'times new roman', times, serif; font-size: 20px;\">Measuring Accuracy<\/span><\/td>\n<td style=\"width: 109.325%;\">\n<p><span style=\"font-family: 'times new roman', times, serif; font-size: 20px;\">Repeatability \u00b1 2 %<\/span><\/p>\n<\/td>\n<\/tr>\n<tr>\n<td style=\"width: 30.1805%;\"><span style=\"font-family: 'times new roman', times, serif; font-size: 20px;\">Observation Angle<\/span><\/td>\n<td style=\"width: 109.325%;\">\n<ul>\n<li><span style=\"font-family: 'times new roman', times, serif; font-size: 20px;\">EN 1436 &amp; ASTM E2302: 2.29\u00b0<\/span><\/li>\n<li><span style=\"font-family: 'times new roman', times, serif; font-size: 20px;\">ASTM E1710: 1.05\u00b0<\/span><\/li>\n<\/ul>\n<\/td>\n<\/tr>\n<tr>\n<td style=\"width: 30.1805%;\"><span style=\"font-family: 'times new roman', times, serif; font-size: 20px;\">Illumination Angle<\/span><\/td>\n<td style=\"width: 109.325%;\">\n<ul>\n<li><span style=\"font-family: 'times new roman', times, serif; font-size: 20px;\">R<sub>L<\/sub>: EN 1436: 1.24\u00b0<\/span><\/li>\n<li><span style=\"font-family: 'times new roman', times, serif; font-size: 20px;\">R<sub>L<\/sub>: ASTM E1710: 88.76\u00b0<\/span><\/li>\n<li><span style=\"font-family: 'times new roman', times, serif; font-size: 20px;\">Qd: diffuse<\/span><\/li>\n<\/ul>\n<\/td>\n<\/tr>\n<tr>\n<td style=\"width: 30.1805%;\"><span style=\"font-family: 'times new roman', times, serif; font-size: 20px;\">Weight<\/span><\/td>\n<td style=\"width: 109.325%;\">\n<p><span style=\"font-family: 'times new roman', times, serif; font-size: 20px;\">6.4kg (14.1 lbs)<\/span><\/p>\n<\/td>\n<\/tr>\n<tr>\n<td style=\"width: 30.1805%;\"><span style=\"font-family: 'times new roman', times, serif; font-size: 20px;\">Operating Temperature<\/span><\/td>\n<td style=\"width: 109.325%;\">\n<p><span style=\"font-family: 'times new roman', times, serif; font-size: 20px;\">-10\u00b0C to +50\u00b0C (14\u00b0F to 122\u00b0F), non condensing<\/span><\/p>\n<\/td>\n<\/tr>\n<\/tbody>\n<\/table>\n<\/div>\n<p><span style=\"font-family: 'times new roman', times, serif; font-size: 20px;\"><img loading=\"lazy\" decoding=\"async\" class=\"wp-image-4336 aligncenter\" src=\"http:\/\/yourtech.vn\/wp-content\/uploads\/2020\/06\/dac-diem-may-do-do-phan-quang-vach-son-ke-duong-650x445.png\" alt=\"M\u00e1y \u0111o \u0111\u1ed9 ph\u1ea3n quang s\u01a1n v\u1ea1ch k\u1ebb \u0111\u01b0\u1eddng\" width=\"509\" height=\"349\" srcset=\"https:\/\/yourtech.vn\/wp-content\/uploads\/2020\/06\/dac-diem-may-do-do-phan-quang-vach-son-ke-duong-650x445.png 650w, https:\/\/yourtech.vn\/wp-content\/uploads\/2020\/06\/dac-diem-may-do-do-phan-quang-vach-son-ke-duong-510x349.png 510w, https:\/\/yourtech.vn\/wp-content\/uploads\/2020\/06\/dac-diem-may-do-do-phan-quang-vach-son-ke-duong-768x526.png 768w, https:\/\/yourtech.vn\/wp-content\/uploads\/2020\/06\/dac-diem-may-do-do-phan-quang-vach-son-ke-duong.png 946w\" sizes=\"auto, (max-width: 509px) 100vw, 509px\" \/><\/span><\/p>\n<h2 style=\"text-align: justify;\"><span style=\"color: #ff0000; font-size: 20px; font-family: 'times new roman', times, serif;\">Standardization<br \/>\n<\/span><\/h2>\n<ul>\n<li style=\"text-align: justify;\"><span style=\"color: #000000; font-size: 20px; font-family: 'times new roman', times, serif;\">ASTM E1710<\/span><\/li>\n<li style=\"text-align: justify;\"><span style=\"color: #000000; font-size: 20px; font-family: 'times new roman', times, serif;\">ASTM E2177<\/span><\/li>\n<li style=\"text-align: justify;\"><span style=\"color: #000000; font-size: 20px; font-family: 'times new roman', times, serif;\">ASTM E2302<\/span><\/li>\n<li style=\"text-align: justify;\"><span style=\"color: #000000; font-size: 20px; font-family: 'times new roman', times, serif;\">EN 1436<\/span><\/li>\n<li style=\"text-align: justify;\"><span style=\"color: #000000; font-size: 20px; font-family: 'times new roman', times, serif;\">EN 13197<\/span><\/li>\n<li style=\"text-align: justify;\"><span style=\"color: #000000; font-size: 20px; font-family: 'times new roman', times, serif;\">CIE 54.2<\/span><\/li>\n<\/ul>\n<p><span style=\"font-family: 'times new roman', times, serif; font-size: 20px;\"><img loading=\"lazy\" decoding=\"async\" class=\"wp-image-4340 aligncenter\" src=\"http:\/\/yourtech.vn\/wp-content\/uploads\/2020\/06\/thong-so-ky-thuat-may-do-phan-quang-vach-ke-duong.png\" alt=\"M\u00e1y \u0111o \u0111\u1ed9 ph\u1ea3n quang s\u01a1n v\u1ea1ch k\u1ebb \u0111\u01b0\u1eddng\" width=\"305\" height=\"328\" \/><\/span><\/p>\n<h2 style=\"text-align: justify;\"><span style=\"color: #ff0000; font-family: 'times new roman', times, serif; font-size: 20px;\">Accessories:<\/span><\/h2>\n<p style=\"text-align: justify;\"><span style=\"font-family: 'times new roman', times, serif; font-size: 20px;\">Popular Accessories: inverter 150 W to be plugged into the car cigarette lighter (410 20 902)<\/span><\/p>\n<p><span style=\"font-family: 'times new roman', times, serif; font-size: 20px;\"><img loading=\"lazy\" decoding=\"async\" class=\"wp-image-4338 aligncenter\" src=\"http:\/\/yourtech.vn\/wp-content\/uploads\/2020\/06\/phu-tung-may-do-phan-quang-vach-ke-duong.png\" alt=\"M\u00e1y \u0111o \u0111\u1ed9 ph\u1ea3n quang s\u01a1n v\u1ea1ch k\u1ebb \u0111\u01b0\u1eddng\" width=\"439\" height=\"305\" srcset=\"https:\/\/yourtech.vn\/wp-content\/uploads\/2020\/06\/phu-tung-may-do-phan-quang-vach-ke-duong.png 525w, https:\/\/yourtech.vn\/wp-content\/uploads\/2020\/06\/phu-tung-may-do-phan-quang-vach-ke-duong-510x355.png 510w\" sizes=\"auto, (max-width: 439px) 100vw, 439px\" \/><\/span><\/p>\n<p><span style=\"font-family: 'times new roman', times, serif; font-size: 20px;\">Customers need more information and more advice please contact &#8211; Hotline (free consultation): <a title=\"+84 90 33 44 140\" href=\"tel: +84 90 33 44 140\">+84 90 33 44 140<\/a><\/span><\/p>\n<p><span style=\"font-size: 20px; font-family: 'times new roman', times, serif;\"><img loading=\"lazy\" decoding=\"async\" class=\"aligncenter wp-image-4058 size-full\" src=\"http:\/\/yourtech.vn\/wp-content\/uploads\/2020\/05\/lienhe-yourtech-EN.png\" alt=\"C\u00f4ng ty Yourtech chuy\u00ean cung c\u1ea5p c\u00e1c lo\u1ea1i m\u00e1y m\u00f3c thi\u1ebft b\u1ecb c\u00f4ng nghi\u1ec7p v\u00e0 ph\u00f2ng th\u00ed nghi\u1ec7m\" width=\"964\" height=\"394\" srcset=\"https:\/\/yourtech.vn\/wp-content\/uploads\/2020\/05\/lienhe-yourtech-EN.png 964w, https:\/\/yourtech.vn\/wp-content\/uploads\/2020\/05\/lienhe-yourtech-EN-510x208.png 510w, https:\/\/yourtech.vn\/wp-content\/uploads\/2020\/05\/lienhe-yourtech-EN-650x266.png 650w, https:\/\/yourtech.vn\/wp-content\/uploads\/2020\/05\/lienhe-yourtech-EN-768x314.png 768w\" sizes=\"auto, (max-width: 964px) 100vw, 964px\" \/><\/span><\/p>\n","protected":false},"excerpt":{"rendered":"<p>An Entry Level and Easy to Use Retroreflectometer The Retroreflectometer can measure both night visibility (RL) and day visibility (Qd) with the touch of a button. This budget friendly retroreflectometer focuses on the core functions to keep the Retroreflectometer simple. This ultrafast retroreflectometer takes measurements in about 2 seconds and can be used on all&#8230;<\/p>\n","protected":false},"featured_media":4367,"comment_status":"open","ping_status":"closed","template":"","meta":{"_acf_changed":false},"product_brand":[],"product_cat":[],"product_tag":[610,611,774,775,778,779,907,908,909,910,911,912,913],"class_list":{"0":"post-4363","1":"product","2":"type-product","3":"status-publish","4":"has-post-thumbnail","6":"product_tag-thiet-bi-phong-thi-nghiem","7":"product_tag-thiet-bi-phong-lab","8":"product_tag-may-do-do-phan-quang","9":"product_tag-may-do-phan-quang","10":"product_tag-may-do-do-phan-quang-son-vach-ke-duong","11":"product_tag-may-do-phan-quang-son-vach-ke-duong","12":"product_tag-thiet-bi-do-do-phan-quang-son-vach-ke-duong","13":"product_tag-dung-cu-do-do-phan-quang-son-vach-ke-duong","14":"product_tag-thiet-bi-do-do-phan-quang","15":"product_tag-dung-cu-do-do-phan-quang","16":"product_tag-do-do-phan-quang","17":"product_tag-do-do-phan-quang-son-vach-ke-duong","18":"product_tag-do-do-phan-quang-vach-ke-duong","20":"first","21":"instock","22":"shipping-taxable","23":"product-type-simple"},"acf":[],"_links":{"self":[{"href":"https:\/\/yourtech.vn\/en\/wp-json\/wp\/v2\/product\/4363","targetHints":{"allow":["GET"]}}],"collection":[{"href":"https:\/\/yourtech.vn\/en\/wp-json\/wp\/v2\/product"}],"about":[{"href":"https:\/\/yourtech.vn\/en\/wp-json\/wp\/v2\/types\/product"}],"replies":[{"embeddable":true,"href":"https:\/\/yourtech.vn\/en\/wp-json\/wp\/v2\/comments?post=4363"}],"wp:featuredmedia":[{"embeddable":true,"href":"https:\/\/yourtech.vn\/en\/wp-json\/wp\/v2\/media\/4367"}],"wp:attachment":[{"href":"https:\/\/yourtech.vn\/en\/wp-json\/wp\/v2\/media?parent=4363"}],"wp:term":[{"taxonomy":"product_brand","embeddable":true,"href":"https:\/\/yourtech.vn\/en\/wp-json\/wp\/v2\/product_brand?post=4363"},{"taxonomy":"product_cat","embeddable":true,"href":"https:\/\/yourtech.vn\/en\/wp-json\/wp\/v2\/product_cat?post=4363"},{"taxonomy":"product_tag","embeddable":true,"href":"https:\/\/yourtech.vn\/en\/wp-json\/wp\/v2\/product_tag?post=4363"}],"curies":[{"name":"wp","href":"https:\/\/api.w.org\/{rel}","templated":true}]}}